{"id":5243,"date":"2026-05-07T11:10:15","date_gmt":"2026-05-07T03:10:15","guid":{"rendered":"https:\/\/halleffectkeyboard.com\/?post_type=product&#038;p=5243"},"modified":"2026-05-07T17:09:50","modified_gmt":"2026-05-07T09:09:50","slug":"atk-99g-mouse-pad","status":"publish","type":"product","link":"https:\/\/halleffectkeyboard.com\/de\/produkt\/atk-99g-mauspad\/","title":{"rendered":"ATK 99G Mauspad"},"content":{"rendered":"<h1><strong>ATK 99G Mauspad: Das ultimative XSoft Esports Gaming-Mauspad<br \/>\n<img loading=\"lazy\" decoding=\"async\" class=\"alignnone size-full wp-image-5256\" src=\"https:\/\/halleffectkeyboard.com\/wp-content\/uploads\/2026\/05\/1-7-scaled.jpg\" alt=\"ATK 99G Mouse Pad\" width=\"2560\" height=\"1437\" srcset=\"https:\/\/halleffectkeyboard.com\/wp-content\/uploads\/2026\/05\/1-7-scaled.jpg 2560w, https:\/\/halleffectkeyboard.com\/wp-content\/uploads\/2026\/05\/1-7-300x168.jpg 300w, https:\/\/halleffectkeyboard.com\/wp-content\/uploads\/2026\/05\/1-7-1024x575.jpg 1024w, https:\/\/halleffectkeyboard.com\/wp-content\/uploads\/2026\/05\/1-7-768x431.jpg 768w, https:\/\/halleffectkeyboard.com\/wp-content\/uploads\/2026\/05\/1-7-1536x862.jpg 1536w, https:\/\/halleffectkeyboard.com\/wp-content\/uploads\/2026\/05\/1-7-2048x1150.jpg 2048w, https:\/\/halleffectkeyboard.com\/wp-content\/uploads\/2026\/05\/1-7-18x10.jpg 18w, https:\/\/halleffectkeyboard.com\/wp-content\/uploads\/2026\/05\/1-7-1200x674.jpg 1200w\" sizes=\"auto, (max-width: 2560px) 100vw, 2560px\" data-no-translation=\"\" \/><br \/>\n<\/strong><\/h1>\n<p>Steigern Sie Ihr Spielerlebnis mit dem <strong>ATK 99G<\/strong>, ein erstklassiges <strong>E-Sport-Gaming-Mauspad<\/strong> Entwickelt f\u00fcr ambitionierte Spieler und Profis. Egal ob du in rasanten Shootern Ziele verfolgst oder in MOBAs pr\u00e4zise Klicks ausf\u00fchrst, dieses Produkt <strong>ATK-Mauspad<\/strong> bietet die perfekte Mischung aus Geschwindigkeit und Kontrolle. Wenn Sie auf der Suche nach <strong>ATK 99G Mauspad kaufen<\/strong>, Sie investieren in eine Premium-Oberfl\u00e4che, die Ihr Setup neu definiert.<br \/>\n<img loading=\"lazy\" decoding=\"async\" class=\"alignnone size-full wp-image-5260\" src=\"https:\/\/halleffectkeyboard.com\/wp-content\/uploads\/2026\/05\/5-6-scaled.jpg\" alt=\"ATK 99G Mouse Pad\" width=\"2560\" height=\"1437\" srcset=\"https:\/\/halleffectkeyboard.com\/wp-content\/uploads\/2026\/05\/5-6-scaled.jpg 2560w, https:\/\/halleffectkeyboard.com\/wp-content\/uploads\/2026\/05\/5-6-300x168.jpg 300w, https:\/\/halleffectkeyboard.com\/wp-content\/uploads\/2026\/05\/5-6-1024x575.jpg 1024w, https:\/\/halleffectkeyboard.com\/wp-content\/uploads\/2026\/05\/5-6-768x431.jpg 768w, https:\/\/halleffectkeyboard.com\/wp-content\/uploads\/2026\/05\/5-6-1536x862.jpg 1536w, https:\/\/halleffectkeyboard.com\/wp-content\/uploads\/2026\/05\/5-6-2048x1150.jpg 2048w, https:\/\/halleffectkeyboard.com\/wp-content\/uploads\/2026\/05\/5-6-18x10.jpg 18w, https:\/\/halleffectkeyboard.com\/wp-content\/uploads\/2026\/05\/5-6-1200x674.jpg 1200w\" sizes=\"auto, (max-width: 2560px) 100vw, 2560px\" data-no-translation=\"\" \/><\/p>\n<h2><strong>Un\u00fcbertroffene Oberfl\u00e4che und Kontrolle<\/strong><\/h2>\n<p>Im Herzen des <strong>ATK 99G<\/strong> ist ein <strong>Premium-Mauspad aus Verbundfasern<\/strong> Design. Das <strong>Verbundfaseroberfl\u00e4che<\/strong> bietet eine hautfreundliche Mikrofleece-Textur, die eine <strong>sanftes Gleiten<\/strong> unter Beibehaltung <strong>ausgewogene Bremskraft<\/strong>. Das macht es zu einem au\u00dfergew\u00f6hnlichen <strong>leichtg\u00e4ngiges Bedienfeld<\/strong> und das Ultimative <strong>Gaming-Mauspad mit Stopping Power<\/strong>.<\/p>\n<p>F\u00fcr Spieler, die Wert auf Konstanz legen, <strong>ATK 99G<\/strong> ist auch als ein <strong>Feuchtigkeitsbest\u00e4ndiges Gaming-Mauspad<\/strong>, So wird sichergestellt, dass Ihre Treffsicherheit unabh\u00e4ngig vom Wetter oder intensiven Gaming-Sessions makellos bleibt.<br \/>\n<img loading=\"lazy\" decoding=\"async\" class=\"alignnone size-full wp-image-5257\" src=\"https:\/\/halleffectkeyboard.com\/wp-content\/uploads\/2026\/05\/2-7-scaled.jpg\" alt=\"ATK 99G Mouse Pad\" width=\"2560\" height=\"1437\" srcset=\"https:\/\/halleffectkeyboard.com\/wp-content\/uploads\/2026\/05\/2-7-scaled.jpg 2560w, https:\/\/halleffectkeyboard.com\/wp-content\/uploads\/2026\/05\/2-7-300x168.jpg 300w, https:\/\/halleffectkeyboard.com\/wp-content\/uploads\/2026\/05\/2-7-1024x575.jpg 1024w, https:\/\/halleffectkeyboard.com\/wp-content\/uploads\/2026\/05\/2-7-768x431.jpg 768w, https:\/\/halleffectkeyboard.com\/wp-content\/uploads\/2026\/05\/2-7-1536x862.jpg 1536w, https:\/\/halleffectkeyboard.com\/wp-content\/uploads\/2026\/05\/2-7-2048x1150.jpg 2048w, https:\/\/halleffectkeyboard.com\/wp-content\/uploads\/2026\/05\/2-7-18x10.jpg 18w, https:\/\/halleffectkeyboard.com\/wp-content\/uploads\/2026\/05\/2-7-1200x674.jpg 1200w\" sizes=\"auto, (max-width: 2560px) 100vw, 2560px\" data-no-translation=\"\" \/><\/p>\n<h2><strong>Entwickelt f\u00fcr kompetitives Gaming<\/strong><\/h2>\n<p>Dieses Pad gilt weithin als das <strong>Bestes Mauspad f\u00fcr Valorant mit niedriger Empfindlichkeit<\/strong> und die <strong>bestes Mauspad f\u00fcr CS2<\/strong>. Als engagierter <strong>FPS-Gaming-Mauspad<\/strong> Und <strong>Mauspad zur Steuerung von FPS-Spielen<\/strong>, Es eignet sich hervorragend f\u00fcr Szenarien mit kurzer TTK (Time-to-Kill) wie Apex Legends, CS:GO und Valorant.<\/p>\n<p>Nicht nur f\u00fcr Sch\u00fctzen, seine Vielseitigkeit macht es zu einem ausgezeichneten <strong>MOBA-Mauspad<\/strong>. F\u00fcr Spieler, die weite Armbewegungen bevorzugen, ist dies <strong>gro\u00dfes Gaming-Mauspad<\/strong> unterst\u00fctzt <strong>Spiele mit niedriger DPI-Aufl\u00f6sung<\/strong> m\u00fchelos. Als <strong>gro\u00dfes E-Sport-Mauspad 490\u00d7420<\/strong>, Es bietet ausreichend Platz f\u00fcr Arm- und Handgelenksziele.<br \/>\n<img loading=\"lazy\" decoding=\"async\" class=\"alignnone size-full wp-image-5259\" src=\"https:\/\/halleffectkeyboard.com\/wp-content\/uploads\/2026\/05\/4-7-scaled.jpg\" alt=\"ATK 99G Mouse Pad\" width=\"2560\" height=\"1437\" srcset=\"https:\/\/halleffectkeyboard.com\/wp-content\/uploads\/2026\/05\/4-7-scaled.jpg 2560w, https:\/\/halleffectkeyboard.com\/wp-content\/uploads\/2026\/05\/4-7-300x168.jpg 300w, https:\/\/halleffectkeyboard.com\/wp-content\/uploads\/2026\/05\/4-7-1024x575.jpg 1024w, https:\/\/halleffectkeyboard.com\/wp-content\/uploads\/2026\/05\/4-7-768x431.jpg 768w, https:\/\/halleffectkeyboard.com\/wp-content\/uploads\/2026\/05\/4-7-1536x862.jpg 1536w, https:\/\/halleffectkeyboard.com\/wp-content\/uploads\/2026\/05\/4-7-2048x1150.jpg 2048w, https:\/\/halleffectkeyboard.com\/wp-content\/uploads\/2026\/05\/4-7-18x10.jpg 18w, https:\/\/halleffectkeyboard.com\/wp-content\/uploads\/2026\/05\/4-7-1200x674.jpg 1200w\" sizes=\"auto, (max-width: 2560px) 100vw, 2560px\" data-no-translation=\"\" \/><\/p>\n<h2><strong>Hochwertige Basis und Langlebigkeit<\/strong><\/h2>\n<p>Erh\u00e4ltlich in den Ausf\u00fchrungen Air und Carbon, <strong>ATK 99G<\/strong> beinhaltet eine individuelle <strong>XSoft Basis-Mauspad<\/strong> Die Carbon-Varianten basieren auf einer hochwertigen koreanischen Polyurethan-(PU)-Basis und bieten daher die gleichen Eigenschaften wie Premium-Produkte. <strong>Poron-Basis-Gaming-Mauspad<\/strong> mit unglaublichen Anti-Rutsch-Eigenschaften.<\/p>\n<p>Die Langlebigkeit wird durch die pr\u00e4zise Nahtverarbeitung unter der Oberfl\u00e4che gew\u00e4hrleistet. Als hochwertiges Produkt <strong>Gaming-Mauspad mit gen\u00e4htem Rand<\/strong>, Die Kanten liegen unterhalb der Oberfl\u00e4che, um ein Ausfransen zu verhindern und sicherzustellen, dass der Arm auch bei l\u00e4ngeren Trainingseinheiten nicht gereizt wird.<br \/>\n<img loading=\"lazy\" decoding=\"async\" class=\"alignnone size-full wp-image-5261\" src=\"https:\/\/halleffectkeyboard.com\/wp-content\/uploads\/2026\/05\/6-3-scaled.jpg\" alt=\"ATK 99G Mouse Pad\" width=\"2560\" height=\"1437\" srcset=\"https:\/\/halleffectkeyboard.com\/wp-content\/uploads\/2026\/05\/6-3-scaled.jpg 2560w, https:\/\/halleffectkeyboard.com\/wp-content\/uploads\/2026\/05\/6-3-300x168.jpg 300w, https:\/\/halleffectkeyboard.com\/wp-content\/uploads\/2026\/05\/6-3-1024x575.jpg 1024w, https:\/\/halleffectkeyboard.com\/wp-content\/uploads\/2026\/05\/6-3-768x431.jpg 768w, https:\/\/halleffectkeyboard.com\/wp-content\/uploads\/2026\/05\/6-3-1536x862.jpg 1536w, https:\/\/halleffectkeyboard.com\/wp-content\/uploads\/2026\/05\/6-3-2048x1150.jpg 2048w, https:\/\/halleffectkeyboard.com\/wp-content\/uploads\/2026\/05\/6-3-18x10.jpg 18w, https:\/\/halleffectkeyboard.com\/wp-content\/uploads\/2026\/05\/6-3-1200x674.jpg 1200w\" sizes=\"auto, (max-width: 2560px) 100vw, 2560px\" data-no-translation=\"\" \/><\/p>\n<h2><strong>Wie schneidet es im Vergleich ab?<\/strong><\/h2>\n<p>Im wettbewerbsintensiven Markt f\u00fcr Peripherieger\u00e4te <strong>ATK 99G Testbericht<\/strong> Der Konsens ist \u00fcberwiegend positiv. <strong>ATK 99G vs Artisan Zero<\/strong>, Viele Enthusiasten betrachten die ATK 99G als die <strong>beste Alternative zu Artisan Zero<\/strong> Ab heute erh\u00e4ltlich und bietet vergleichbare Premium-Leistung zu einem g\u00fcnstigeren Preis.<\/p>\n<p>F\u00fcr diejenigen, die zwischen verschiedenen Weichheitsgraden schwanken, <strong>ATK 99G XSoft vs Mid<\/strong> In Diskussionen wird meist der XSoft aufgrund seiner \u00fcberlegenen Bremsleistung und seines hohen Komforts favorisiert. Dar\u00fcber hinaus zeigt sich in Vergleichen wie <strong>ATK 99G vs Lethal Gaming Gear (LGG)<\/strong>, Der ATK 99G zeichnet sich durch seine einzigartige Faserverbundmischung und sein au\u00dfergew\u00f6hnliches Preis-Leistungs-Verh\u00e4ltnis aus. Jeder <strong>ATK 99G Mauspad-Test<\/strong> unterstreicht sein unglaubliches Kosten-Nutzen-Verh\u00e4ltnis.<br \/>\n<img loading=\"lazy\" decoding=\"async\" class=\"alignnone size-full wp-image-5262\" src=\"https:\/\/halleffectkeyboard.com\/wp-content\/uploads\/2026\/05\/7-3-scaled.jpg\" alt=\"ATK 99G Mouse Pad\" width=\"2560\" height=\"1437\" srcset=\"https:\/\/halleffectkeyboard.com\/wp-content\/uploads\/2026\/05\/7-3-scaled.jpg 2560w, https:\/\/halleffectkeyboard.com\/wp-content\/uploads\/2026\/05\/7-3-300x168.jpg 300w, https:\/\/halleffectkeyboard.com\/wp-content\/uploads\/2026\/05\/7-3-1024x575.jpg 1024w, https:\/\/halleffectkeyboard.com\/wp-content\/uploads\/2026\/05\/7-3-768x431.jpg 768w, https:\/\/halleffectkeyboard.com\/wp-content\/uploads\/2026\/05\/7-3-1536x862.jpg 1536w, https:\/\/halleffectkeyboard.com\/wp-content\/uploads\/2026\/05\/7-3-2048x1150.jpg 2048w, https:\/\/halleffectkeyboard.com\/wp-content\/uploads\/2026\/05\/7-3-18x10.jpg 18w, https:\/\/halleffectkeyboard.com\/wp-content\/uploads\/2026\/05\/7-3-1200x674.jpg 1200w\" sizes=\"auto, (max-width: 2560px) 100vw, 2560px\" data-no-translation=\"\" \/><\/p>\n<h2><strong>Produktspezifikationen<\/strong><\/h2>\n<ul>\n<li><strong>Marke:<\/strong>\u00a0<strong>ATK<\/strong><\/li>\n<li><strong>Modell:<\/strong>\u00a0<strong>ATK 99G<\/strong>\u00a0XSoft<\/li>\n<li><strong>Versionen:<\/strong>\u00a0Air, Carbon, Pro<\/li>\n<li><strong>Farben:<\/strong>\u00a0Matcha Gr\u00fcn, Schwarz<\/li>\n<li><strong>Abmessungen:<\/strong>\u00a0<strong>490x420mm Mauspad<\/strong><\/li>\n<li><strong>Dicke:<\/strong>\u00a04 mm (Pro\/Carbon) \/ 4,5 \u00b1 0,5 mm (Air)<\/li>\n<li><strong>Oberfl\u00e4che:<\/strong>\u00a0Mikrofleece-Verbundfaser<\/li>\n<li><strong>Base:<\/strong>\u00a0Koreanische PU-Basis (Pro\/Carbon) \/ Verdicktes, rutschfestes Gummi (Air)<\/li>\n<\/ul>\n<h2><strong>Pflege und Wartung<\/strong><\/h2>\n<p>Um Ihre <strong>Bestes XSoft Gaming-Mauspad<\/strong> in tadellosem Zustand:<\/p>\n<ul>\n<li>Setzen Sie das Mauspad keinen hohen Temperaturen oder extremer Luftfeuchtigkeit aus.<\/li>\n<li><strong>Reinigung:<\/strong>\u00a0Die Oberfl\u00e4che vorsichtig mit einem leicht feuchten Tuch oder alkoholfreien T\u00fcchern abwischen.\u00a0<strong>Nicht einweichen oder in der Waschmaschine waschen.<\/strong><\/li>\n<li><em>Hinweis: Ein leichter Gummigeruch beim Auspacken ist normal und verfliegt nach kurzem L\u00fcften.<\/em><\/li>\n<\/ul>\n<p><strong>Bereit, deine Treffsicherheit zu verbessern?<\/strong> Geben Sie sich nicht mit weniger zufrieden. Erleben Sie noch heute die perfekte Balance aus Geschwindigkeit und Kontrolle mit der ATK 99G.<\/p>","protected":false},"excerpt":{"rendered":"<p>Erleben Sie h\u00f6chste Pr\u00e4zision mit dem <strong>ATK 99G XSoft Gaming-Mauspad<\/strong>, Entwickelt f\u00fcr den wettbewerbsorientierten E-Sport.<\/p>\n<ul>\n<li><strong>Premium-Oberfl\u00e4che:<\/strong>\u00a0Verbundfasermischung f\u00fcr sanftes Gleiten und ausgewogene Bremsleistung.<\/li>\n<li><strong>XSoft Base:<\/strong>\u00a0Unglaubliche Rutschfestigkeit und erstklassiger Komfort f\u00fcr lange Sessions.<\/li>\n<li><strong>Gr\u00f6\u00dfe des E-Sports-Marktes:<\/strong>\u00a0490 x 420 mm, bietet ausreichend Platz f\u00fcr das Zielen mit dem Arm bei niedriger DPI-Aufl\u00f6sung.<\/li>\n<li><strong>Robuste Bauweise:<\/strong>\u00a0Unter der Oberfl\u00e4che vern\u00e4hte Kanten verhindern Ausfransen und Reizungen am Handgelenk.<\/li>\n<\/ul>","protected":false},"featured_media":5250,"comment_status":"open","ping_status":"closed","template":"","meta":[],"product_brand":[226],"product_cat":[553],"product_tag":[555,554],"class_list":{"0":"post-5243","1":"product","2":"type-product","3":"status-publish","4":"has-post-thumbnail","6":"product_brand-atk","7":"product_cat-mousepad","8":"product_tag-gaming-mousepad","9":"product_tag-mousepad","11":"first","12":"instock","13":"taxable","14":"shipping-taxable","15":"purchasable","16":"product-type-variable","17":"wvs-archive-product-wrapper"},"aioseo_notices":[],"ct_brands":[{"id":226,"name":"ATK","slug":"atk"}],"jetpack_sharing_enabled":true,"_links":{"self":[{"href":"https:\/\/halleffectkeyboard.com\/de\/wp-json\/wp\/v2\/product\/5243","targetHints":{"allow":["GET"]}}],"collection":[{"href":"https:\/\/halleffectkeyboard.com\/de\/wp-json\/wp\/v2\/product"}],"about":[{"href":"https:\/\/halleffectkeyboard.com\/de\/wp-json\/wp\/v2\/types\/product"}],"replies":[{"embeddable":true,"href":"https:\/\/halleffectkeyboard.com\/de\/wp-json\/wp\/v2\/comments?post=5243"}],"version-history":[{"count":4,"href":"https:\/\/halleffectkeyboard.com\/de\/wp-json\/wp\/v2\/product\/5243\/revisions"}],"predecessor-version":[{"id":5263,"href":"https:\/\/halleffectkeyboard.com\/de\/wp-json\/wp\/v2\/product\/5243\/revisions\/5263"}],"wp:featuredmedia":[{"embeddable":true,"href":"https:\/\/halleffectkeyboard.com\/de\/wp-json\/wp\/v2\/media\/5250"}],"wp:attachment":[{"href":"https:\/\/halleffectkeyboard.com\/de\/wp-json\/wp\/v2\/media?parent=5243"}],"wp:term":[{"taxonomy":"product_brand","embeddable":true,"href":"https:\/\/halleffectkeyboard.com\/de\/wp-json\/wp\/v2\/product_brand?post=5243"},{"taxonomy":"product_cat","embeddable":true,"href":"https:\/\/halleffectkeyboard.com\/de\/wp-json\/wp\/v2\/product_cat?post=5243"},{"taxonomy":"product_tag","embeddable":true,"href":"https:\/\/halleffectkeyboard.com\/de\/wp-json\/wp\/v2\/product_tag?post=5243"}],"curies":[{"name":"wp","href":"https:\/\/api.w.org\/{rel}","templated":true}]}}