{"id":5190,"date":"2026-05-06T16:37:36","date_gmt":"2026-05-06T08:37:36","guid":{"rendered":"https:\/\/halleffectkeyboard.com\/?post_type=product&#038;p=5190"},"modified":"2026-05-06T18:29:15","modified_gmt":"2026-05-06T10:29:15","slug":"atk-68-rx-hall-effect-keyboard","status":"publish","type":"product","link":"https:\/\/halleffectkeyboard.com\/de\/produkt\/atk-68-rx-hall-effekt-tastatur\/","title":{"rendered":"ATK 68 RX Hall-Effekt-Tastatur"},"content":{"rendered":"<h1><strong>ATK 68 RX Hall-Effekt-Tastatur: Die ultimative 68-Prozent-Gaming-Tastatur<\/strong><\/h1>\n<p>Verbessere dein Spiel- und Tipperlebnis mit dem <strong>ATK 68 RX<\/strong>, ein Premium <strong>Tastatur mit Hall-Effekt<\/strong> Entwickelt f\u00fcr extrem niedrige Latenz und Reaktionsf\u00e4higkeit auf E-Sport-Niveau. Mit kompaktem Geh\u00e4use. <strong>68-Tasten-Tastaturlayout<\/strong>, Das <strong>magnetische Tastatur<\/strong> Durch den Verzicht auf \u00fcberfl\u00fcssige Tasten spart die ATK 68 RX wertvollen Platz auf dem Schreibtisch, ohne dabei an Funktionalit\u00e4t einzub\u00fc\u00dfen. Ob professioneller Gamer oder t\u00e4glicher Vielschreiber \u2013 die ATK 68 RX bietet die perfekte Kombination aus Geschwindigkeit, Pr\u00e4zision und ansprechendem Design.<\/p>\n<h2><strong>Revolution\u00e4re Geschwindigkeit: Hall-Effekt &amp; Schnellausl\u00f6sung<\/strong><\/h2>\n<p>Betreten Sie die Zukunft des Gamings mit modernster Technologie. <strong>Hall-Effekt-Schalter<\/strong>. Im Gegensatz zu herk\u00f6mmlichen mechanischen Schaltern <strong>Tastatur mit magnetischen Schaltern<\/strong> nutzt magnetische Induktion, wodurch der Verschlei\u00df durch physischen Kontakt entf\u00e4llt und eine deutlich l\u00e4ngere Lebensdauer sowie eine gleichbleibend stabile Ausl\u00f6sung gew\u00e4hrleistet werden.<\/p>\n<p>Als hochgradig anpassbar <strong>Tastatur mit einstellbarem Ausl\u00f6sepunkt<\/strong>, Es erm\u00f6glicht Ihnen, individuelle obere und untere Ausl\u00f6seschwellenwerte festzulegen, die genau zu Ihrem Spielstil passen. Kombiniert mit einer blitzschnellen <strong>8000 Hz Abtastrate<\/strong>, Das <strong>Schnelltrigger-Tastatur \/ RT-Tastatur<\/strong> garantiert Reaktionszeiten im Millisekundenbereich. Es ist das Ultimative <strong>FPS-Gaming-Tastatur<\/strong>, was es zu einem au\u00dfergew\u00f6hnlichen macht <strong>Valorant-Tastatur<\/strong>, <strong>osu! Tastatur<\/strong>, Und <strong>Rhythmusspieltastatur<\/strong>. Wenn Sie einen zuverl\u00e4ssigen <strong>Tastatur f\u00fcr schnelle Spiele<\/strong>, Der ATK 68 RX stellt sicher, dass Ihre Eingaben ohne Verz\u00f6gerung registriert werden.<\/p>\n<h2><strong>Optimiertes 68-Tasten-Tastaturlayout &amp; Premium-Verarbeitung<\/strong><\/h2>\n<p>Der <strong>68-Prozent-Tastaturlayout<\/strong> ist aufgrund seiner perfekten Balance aus minimalistischem Design und Funktionalit\u00e4t sehr begehrt. Als Spitzenprodukt <strong>68 Gaming-Tastatur<\/strong>, Es beh\u00e4lt die wichtigsten Pfeil- und Navigationstasten (einschlie\u00dflich der <strong>Standard-Pos1-Taste f\u00fcr 68-Tasten-Tastatur<\/strong> Konfigurationen), wodurch es sich von anderen abhebt <strong>68 Tastaturen<\/strong> auf dem Markt.<\/p>\n<p>Gebaut als ein <strong>Magnetische Tastatur mit oberer Befestigung<\/strong> Dank der mehrlagigen, schallabsorbierenden Innenpolsterung bietet sie ein weiches, angenehmes Tippgef\u00fchl mit einem klaren, zufriedenstellenden Klangprofil \u2013 und beugt so Erm\u00fcdungserscheinungen der Hand bei l\u00e4ngeren Sitzungen vor. Die Tastatur ist mit hochwertigem Material versehen. <strong>Cherry-Profil PBT-Tastenkappen mit seitlicher Bedruckung<\/strong>, Dadurch wird ein klarer RGB-Scheinstrahl gew\u00e4hrleistet, w\u00e4hrend gleichzeitig eine hohe Best\u00e4ndigkeit gegen Abnutzung, Glanz und Ausbleichen gew\u00e4hrleistet wird.<\/p>\n<h2><strong>Ultimative Anpassungsm\u00f6glichkeiten &amp; Hot-Swap-f\u00e4higes Design<\/strong><\/h2>\n<p>Tauchen Sie mit diesem vielseitigen Ger\u00e4t in die Welt der Personalisierung ein. <strong>Benutzerdefinierte Tastatur<\/strong>. Es verf\u00fcgt \u00fcber eine vollst\u00e4ndig im laufenden Betrieb austauschbare Leiterplatte, die mit g\u00e4ngigen 3-Pin- und 5-Pin-Schaltern kompatibel ist und Ihnen so einen einfachen Schalterwechsel und die individuelle Anpassung des Tippgef\u00fchls erm\u00f6glicht.<\/p>\n<p>Tauche mit der hochaufl\u00f6senden RGB-Hintergrundbeleuchtung voll in dein Spiel ein. Mit 16,8 Millionen anpassbaren Farben, dynamischen Lichteffekten und Musikrhythmusmodi kannst du Helligkeit und Geschwindigkeit ganz einfach anpassen und so die ultimative E-Sport-Atmosph\u00e4re schaffen.<\/p>\n<h2><strong>Nahtlose Konnektivit\u00e4t und plattform\u00fcbergreifende Kompatibilit\u00e4t<\/strong><\/h2>\n<p>Genie\u00dfen Sie maximale Freiheit dank dreier Verbindungsmodi: Kabelgebunden, 2,4-GHz-Funk und Bluetooth. Wechseln Sie nahtlos zwischen PC, Tablet und Smartphone. Dank unseres patentierten Funkprotokolls mit geringer Latenz erleben Sie verz\u00f6gerungsfreie Performance auf E-Sport-Niveau \u2013 selbst im kabellosen Modus. Der leistungsstarke Lithium-Akku mit Schnellladefunktion erm\u00f6glicht stundenlanges Gaming mit eingeschalteter RGB-Beleuchtung, ohne dass Sie sich Gedanken um den Akku machen m\u00fcssen.<\/p>\n<p>Dieses Produkt ist f\u00fcr alle geeignet und vollst\u00e4ndig <strong>Gaming-Tastatur, kompatibel mit Mac und Windows<\/strong> Es unterst\u00fctzt sowohl iOS als auch Android. Mit der exklusiven Treibersoftware lassen sich Makros einfach anpassen, Tasten neu belegen und die Beleuchtung individualisieren. Dank der pr\u00e4zise abgestimmten, klapperfreien Stabilisatoren bietet jeder Tastendruck eine un\u00fcbertroffene Pr\u00e4zision.<\/p>\n<hr \/>\n<h3><strong>Warum sollten Sie sich f\u00fcr den ATK 68 RX entscheiden?<\/strong><\/h3>\n<ul>\n<li><strong>Un\u00fcbertroffene Pr\u00e4zision:<\/strong>\u00a0<strong>Tastatur mit Hall-Effekt<\/strong>\u00a0Technologie mit einstellbarer Bet\u00e4tigung.<\/li>\n<li><strong>Platzsparend:<\/strong>\u00a0Optimiert\u00a0<strong>68-Prozent-Tastatur<\/strong>\u00a0Entwickelt f\u00fcr maximale Mausbewegung.<\/li>\n<li><strong>Bereit f\u00fcr den E-Sport:<\/strong>\u00a0<strong>8000 Hz Abtastrate<\/strong>\u00a0und Rapid Trigger f\u00fcr einen Wettbewerbsvorteil.<\/li>\n<li><strong>Hochwertige Materialien:<\/strong>\u00a0<strong>Cherry-Profil PBT-Tastenkappen mit seitlicher Bedruckung<\/strong>\u00a0und \u00fcberragende Akustik.<\/li>\n<li><strong>Vielseitig:<\/strong>\u00a0Ein wahrer\u00a0<strong>Gaming-Tastatur<\/strong>\u00a0die sowohl im Beruf als auch in der Freizeit hervorragende Leistungen erbringt.<\/li>\n<\/ul>\n<p><strong>R\u00fcsten Sie Ihr Setup noch heute mit dem ATK 68 RX auf \u2013 wo Pr\u00e4zision auf Perfektion trifft.<\/strong><\/p>","protected":false},"excerpt":{"rendered":"<p>Dominiere deine Spiele mit dem <strong>ATK 68 RX Hall-Effekt-Tastatur<\/strong>. Diese kompakte magnetische Gaming-Tastatur 68% verf\u00fcgt \u00fcber die Rapid-Trigger-Technologie, eine ultraschnelle Abtastrate von 8000 Hz und anpassbare Ausl\u00f6sepunkte f\u00fcr h\u00f6chste Pr\u00e4zision. Dank vielseitiger Tri-Mode-Konnektivit\u00e4t, Hot-Swap-f\u00e4higen Schaltern und nahtloser Mac\/Windows-Kompatibilit\u00e4t bietet sie E-Sport-Performance in einem schlanken, platzsparenden Design.<\/p>","protected":false},"featured_media":5214,"comment_status":"open","ping_status":"closed","template":"","meta":[],"product_brand":[226],"product_cat":[322,20],"product_tag":[58,22],"class_list":{"0":"post-5190","1":"product","2":"type-product","3":"status-publish","4":"has-post-thumbnail","6":"product_brand-atk","7":"product_cat-hall-effect-keyboard","8":"product_cat-keyboard","9":"product_tag-hall-effect-keyboard","10":"product_tag-keyboard","12":"first","13":"instock","14":"taxable","15":"shipping-taxable","16":"purchasable","17":"product-type-variable","18":"wvs-archive-product-wrapper"},"aioseo_notices":[],"ct_brands":[{"id":226,"name":"ATK","slug":"atk"}],"jetpack_sharing_enabled":true,"_links":{"self":[{"href":"https:\/\/halleffectkeyboard.com\/de\/wp-json\/wp\/v2\/product\/5190","targetHints":{"allow":["GET"]}}],"collection":[{"href":"https:\/\/halleffectkeyboard.com\/de\/wp-json\/wp\/v2\/product"}],"about":[{"href":"https:\/\/halleffectkeyboard.com\/de\/wp-json\/wp\/v2\/types\/product"}],"replies":[{"embeddable":true,"href":"https:\/\/halleffectkeyboard.com\/de\/wp-json\/wp\/v2\/comments?post=5190"}],"version-history":[{"count":1,"href":"https:\/\/halleffectkeyboard.com\/de\/wp-json\/wp\/v2\/product\/5190\/revisions"}],"predecessor-version":[{"id":5192,"href":"https:\/\/halleffectkeyboard.com\/de\/wp-json\/wp\/v2\/product\/5190\/revisions\/5192"}],"wp:featuredmedia":[{"embeddable":true,"href":"https:\/\/halleffectkeyboard.com\/de\/wp-json\/wp\/v2\/media\/5214"}],"wp:attachment":[{"href":"https:\/\/halleffectkeyboard.com\/de\/wp-json\/wp\/v2\/media?parent=5190"}],"wp:term":[{"taxonomy":"product_brand","embeddable":true,"href":"https:\/\/halleffectkeyboard.com\/de\/wp-json\/wp\/v2\/product_brand?post=5190"},{"taxonomy":"product_cat","embeddable":true,"href":"https:\/\/halleffectkeyboard.com\/de\/wp-json\/wp\/v2\/product_cat?post=5190"},{"taxonomy":"product_tag","embeddable":true,"href":"https:\/\/halleffectkeyboard.com\/de\/wp-json\/wp\/v2\/product_tag?post=5190"}],"curies":[{"name":"wp","href":"https:\/\/api.w.org\/{rel}","templated":true}]}}