{"id":5030,"date":"2026-04-30T11:22:03","date_gmt":"2026-04-30T03:22:03","guid":{"rendered":"https:\/\/halleffectkeyboard.com\/?post_type=product&#038;p=5030"},"modified":"2026-04-30T14:04:03","modified_gmt":"2026-04-30T06:04:03","slug":"attack-shark-x3-wireless-gaming-mouse","status":"publish","type":"product","link":"https:\/\/halleffectkeyboard.com\/de\/produkt\/attack-shark-x3-kabellose-gaming-maus\/","title":{"rendered":"ATTACK SHARK X3 Kabellose Gaming-Maus"},"content":{"rendered":"<h1><img loading=\"lazy\" decoding=\"async\" class=\"alignnone size-full wp-image-5050\" src=\"https:\/\/halleffectkeyboard.com\/wp-content\/uploads\/2026\/04\/1-34-scaled.jpg\" alt=\"ATTACK SHARK X3 Wireless Gaming Mouse\" width=\"2560\" height=\"1049\" srcset=\"https:\/\/halleffectkeyboard.com\/wp-content\/uploads\/2026\/04\/1-34-scaled.jpg 2560w, https:\/\/halleffectkeyboard.com\/wp-content\/uploads\/2026\/04\/1-34-300x123.jpg 300w, https:\/\/halleffectkeyboard.com\/wp-content\/uploads\/2026\/04\/1-34-1024x420.jpg 1024w, https:\/\/halleffectkeyboard.com\/wp-content\/uploads\/2026\/04\/1-34-768x315.jpg 768w, https:\/\/halleffectkeyboard.com\/wp-content\/uploads\/2026\/04\/1-34-1536x630.jpg 1536w, https:\/\/halleffectkeyboard.com\/wp-content\/uploads\/2026\/04\/1-34-2048x840.jpg 2048w, https:\/\/halleffectkeyboard.com\/wp-content\/uploads\/2026\/04\/1-34-18x7.jpg 18w, https:\/\/halleffectkeyboard.com\/wp-content\/uploads\/2026\/04\/1-34-1200x492.jpg 1200w\" sizes=\"auto, (max-width: 2560px) 100vw, 2560px\" data-no-translation=\"\" \/><\/h1>\n<h1>Attack Shark X3 Kabellose Gaming-Maus: Ultimative Performance bei geringem Gewicht<\/h1>\n<p>Verbessere dein Spielerlebnis mit dem <strong>Attack Shark X3<\/strong>, Die <strong>beste kabellose Gaming-Maus<\/strong> F\u00fcr ambitionierte Spieler, die Wert auf Geschwindigkeit, Pr\u00e4zision und Komfort legen. Entwickelt als Hochleistungsger\u00e4t. <strong>leichte Gaming-Maus<\/strong>, Das X3 wiegt nur 49 g und geh\u00f6rt damit zur Spitzenklasse. <strong>superleichte Gaming-Maus<\/strong> das mit Premium-Konkurrenten mithalten kann, jedoch ohne deren Premium-Preis.<br \/>\n<img loading=\"lazy\" decoding=\"async\" class=\"alignnone size-full wp-image-5059\" src=\"https:\/\/halleffectkeyboard.com\/wp-content\/uploads\/2026\/04\/10-9-scaled.jpg\" alt=\"ATTACK SHARK X3 Wireless Gaming Mouse\" width=\"2560\" height=\"1049\" srcset=\"https:\/\/halleffectkeyboard.com\/wp-content\/uploads\/2026\/04\/10-9-scaled.jpg 2560w, https:\/\/halleffectkeyboard.com\/wp-content\/uploads\/2026\/04\/10-9-300x123.jpg 300w, https:\/\/halleffectkeyboard.com\/wp-content\/uploads\/2026\/04\/10-9-1024x420.jpg 1024w, https:\/\/halleffectkeyboard.com\/wp-content\/uploads\/2026\/04\/10-9-768x315.jpg 768w, https:\/\/halleffectkeyboard.com\/wp-content\/uploads\/2026\/04\/10-9-1536x630.jpg 1536w, https:\/\/halleffectkeyboard.com\/wp-content\/uploads\/2026\/04\/10-9-2048x840.jpg 2048w, https:\/\/halleffectkeyboard.com\/wp-content\/uploads\/2026\/04\/10-9-18x7.jpg 18w, https:\/\/halleffectkeyboard.com\/wp-content\/uploads\/2026\/04\/10-9-1200x492.jpg 1200w\" sizes=\"auto, (max-width: 2560px) 100vw, 2560px\" data-no-translation=\"\" \/><\/p>\n<h3>Pr\u00e4zisionstechnik trifft auf professionelle Leistung<\/h3>\n<p>Im Kern dieser <strong>PAW3395 Gaming-Maus<\/strong> Hier befindet sich der Flaggschiff-Sensor PAW3395, der mit unglaublichen 26.000 DPI f\u00fcr un\u00fcbertroffene Pr\u00e4zision sorgt. Egal ob du in CS:GO schnelle Bewegungen ausf\u00fchrst, in Valorant pr\u00e4zise verfolgst oder in MOBA-Titeln dominierst \u2013 dieser Sensor ist die perfekte Wahl. <strong>hochpr\u00e4zise Maus<\/strong> stellt sicher, dass jede Bewegung pixelgenau ausgef\u00fchrt wird.<br \/>\n<img loading=\"lazy\" decoding=\"async\" class=\"alignnone size-full wp-image-5051\" src=\"https:\/\/halleffectkeyboard.com\/wp-content\/uploads\/2026\/04\/2-30-scaled.jpg\" alt=\"ATTACK SHARK X3 Wireless Gaming Mouse\" width=\"2560\" height=\"1049\" srcset=\"https:\/\/halleffectkeyboard.com\/wp-content\/uploads\/2026\/04\/2-30-scaled.jpg 2560w, https:\/\/halleffectkeyboard.com\/wp-content\/uploads\/2026\/04\/2-30-300x123.jpg 300w, https:\/\/halleffectkeyboard.com\/wp-content\/uploads\/2026\/04\/2-30-1024x420.jpg 1024w, https:\/\/halleffectkeyboard.com\/wp-content\/uploads\/2026\/04\/2-30-768x315.jpg 768w, https:\/\/halleffectkeyboard.com\/wp-content\/uploads\/2026\/04\/2-30-1536x630.jpg 1536w, https:\/\/halleffectkeyboard.com\/wp-content\/uploads\/2026\/04\/2-30-2048x840.jpg 2048w, https:\/\/halleffectkeyboard.com\/wp-content\/uploads\/2026\/04\/2-30-18x7.jpg 18w, https:\/\/halleffectkeyboard.com\/wp-content\/uploads\/2026\/04\/2-30-1200x492.jpg 1200w\" sizes=\"auto, (max-width: 2560px) 100vw, 2560px\" data-no-translation=\"\" \/><\/p>\n<h3>Un\u00fcbertroffene Vielseitigkeit dank Tri-Mode-Konnektivit\u00e4t<\/h3>\n<p>Erleben Sie wahre Freiheit mit unserem <strong>Tri-Mode-Gaming-Maus<\/strong> Technologie. W\u00e4hlen Sie zwischen ultraschneller 2,4-GHz-Funkverbindung, Bluetooth oder kabelgebundener Verbindung, ganz nach Ihren Bed\u00fcrfnissen. Als vielseitiges Ger\u00e4t <strong>kabellose und kabelgebundene Maus<\/strong>, Es ist das perfekte <strong>PC-Gaming-Setup-Zubeh\u00f6r<\/strong> sowohl f\u00fcr Desktop-Enthusiasten als auch f\u00fcr Gamer unterwegs.<br \/>\n<img loading=\"lazy\" decoding=\"async\" class=\"alignnone size-full wp-image-5053\" src=\"https:\/\/halleffectkeyboard.com\/wp-content\/uploads\/2026\/04\/4-31-scaled.jpg\" alt=\"ATTACK SHARK X3 Wireless Gaming Mouse\" width=\"2560\" height=\"1049\" srcset=\"https:\/\/halleffectkeyboard.com\/wp-content\/uploads\/2026\/04\/4-31-scaled.jpg 2560w, https:\/\/halleffectkeyboard.com\/wp-content\/uploads\/2026\/04\/4-31-300x123.jpg 300w, https:\/\/halleffectkeyboard.com\/wp-content\/uploads\/2026\/04\/4-31-1024x420.jpg 1024w, https:\/\/halleffectkeyboard.com\/wp-content\/uploads\/2026\/04\/4-31-768x315.jpg 768w, https:\/\/halleffectkeyboard.com\/wp-content\/uploads\/2026\/04\/4-31-1536x630.jpg 1536w, https:\/\/halleffectkeyboard.com\/wp-content\/uploads\/2026\/04\/4-31-2048x840.jpg 2048w, https:\/\/halleffectkeyboard.com\/wp-content\/uploads\/2026\/04\/4-31-18x7.jpg 18w, https:\/\/halleffectkeyboard.com\/wp-content\/uploads\/2026\/04\/4-31-1200x492.jpg 1200w\" sizes=\"auto, (max-width: 2560px) 100vw, 2560px\" data-no-translation=\"\" \/><\/p>\n<h3>Ergonomisches Design &amp; hochwertige Verarbeitung<\/h3>\n<p>Das Attack Shark X3 besticht durch ein elegantes, symmetrisches Design ohne Wabenstruktur. Im Gegensatz zu anderen leichten Modellen bietet es ein robustes, ergonomisches Geh\u00e4use, das sich hochwertig anf\u00fchlt.<br \/>\n<img loading=\"lazy\" decoding=\"async\" class=\"alignnone size-full wp-image-5052\" src=\"https:\/\/halleffectkeyboard.com\/wp-content\/uploads\/2026\/04\/3-30-scaled.jpg\" alt=\"ATTACK SHARK X3 Wireless Gaming Mouse\" width=\"2560\" height=\"1049\" srcset=\"https:\/\/halleffectkeyboard.com\/wp-content\/uploads\/2026\/04\/3-30-scaled.jpg 2560w, https:\/\/halleffectkeyboard.com\/wp-content\/uploads\/2026\/04\/3-30-300x123.jpg 300w, https:\/\/halleffectkeyboard.com\/wp-content\/uploads\/2026\/04\/3-30-1024x420.jpg 1024w, https:\/\/halleffectkeyboard.com\/wp-content\/uploads\/2026\/04\/3-30-768x315.jpg 768w, https:\/\/halleffectkeyboard.com\/wp-content\/uploads\/2026\/04\/3-30-1536x630.jpg 1536w, https:\/\/halleffectkeyboard.com\/wp-content\/uploads\/2026\/04\/3-30-2048x840.jpg 2048w, https:\/\/halleffectkeyboard.com\/wp-content\/uploads\/2026\/04\/3-30-18x7.jpg 18w, https:\/\/halleffectkeyboard.com\/wp-content\/uploads\/2026\/04\/3-30-1200x492.jpg 1200w\" sizes=\"auto, (max-width: 2560px) 100vw, 2560px\" data-no-translation=\"\" \/><\/p>\n<p><strong>Verbessern Sie Ihren Halt mit unserem passgenauen Anti-Rutsch-Griffband:<\/strong><\/p>\n<ul>\n<li><strong>Pr\u00e4zisionsvorschnitt:<\/strong>\u00a0Speziell f\u00fcr den X3 entwickelt, um eine professionelle, vollst\u00e4ndige Passform zu gew\u00e4hrleisten.<\/li>\n<li><strong>\u00dcberlegene Kontrolle:<\/strong>\u00a0Das strukturierte, schwei\u00dfabsorbierende Material verbessert die Reibung bei intensiven Gaming-Sessions.<\/li>\n<li><strong>Ultrad\u00fcnn:<\/strong>\u00a0Mit nur 0,5 mm Dicke beh\u00e4lt die Maus ihr flaches Profil bei.<\/li>\n<li><strong>R\u00fcckstandsfrei:<\/strong>\u00a0Dank der 3M-Klebeschicht bleibt es sicher an seinem Platz und l\u00e4sst sich r\u00fcckstandsfrei abl\u00f6sen.<\/li>\n<\/ul>\n<h3>Warum sollten Sie sich f\u00fcr den Attack Shark X3 entscheiden?<\/h3>\n<ul>\n<li><strong>Die beste kabellose Gaming-Maus f\u00fcr kleines Budget:<\/strong>\u00a0Erhalten Sie Top-Spezifikationen zu einem Bruchteil des Preises. Es ist das ultimative\u00a0<strong>Alternative zur Logitech G Pro X Superlight<\/strong>\u00a0und ein direkter Konkurrent der Razer Viper V2 Pro, Pulsar X2 und Lamzu Atlantis.<\/li>\n<li><strong>Schalter auf Profi-Niveau:<\/strong>\u00a0Ausgestattet mit langlebigen Kailh GM 8.0 Schaltern f\u00fcr knackige, taktile Klicks, die lange anhalten.<\/li>\n<li><strong>Anpassbar:<\/strong>\u00a0Verwenden Sie die\u00a0<strong>Attack Shark X3 Software<\/strong>\u00a0Tasten neu belegen, Makros anpassen und Ihre Leistung feinabstimmen.<\/li>\n<li><strong>Breite Kompatibilit\u00e4t:<\/strong>\u00a0Vollst\u00e4ndig kompatibel als ein\u00a0<strong>Windows-Gaming-Maus<\/strong>\u00a0und ein\u00a0<strong>Mac-kompatible kabellose Maus<\/strong>.<br \/>\n<img loading=\"lazy\" decoding=\"async\" class=\"alignnone size-full wp-image-5058\" src=\"https:\/\/halleffectkeyboard.com\/wp-content\/uploads\/2026\/04\/9-10-scaled.jpg\" alt=\"ATTACK SHARK X3 Wireless Gaming Mouse\" width=\"2560\" height=\"1049\" srcset=\"https:\/\/halleffectkeyboard.com\/wp-content\/uploads\/2026\/04\/9-10-scaled.jpg 2560w, https:\/\/halleffectkeyboard.com\/wp-content\/uploads\/2026\/04\/9-10-300x123.jpg 300w, https:\/\/halleffectkeyboard.com\/wp-content\/uploads\/2026\/04\/9-10-1024x420.jpg 1024w, https:\/\/halleffectkeyboard.com\/wp-content\/uploads\/2026\/04\/9-10-768x315.jpg 768w, https:\/\/halleffectkeyboard.com\/wp-content\/uploads\/2026\/04\/9-10-1536x630.jpg 1536w, https:\/\/halleffectkeyboard.com\/wp-content\/uploads\/2026\/04\/9-10-2048x840.jpg 2048w, https:\/\/halleffectkeyboard.com\/wp-content\/uploads\/2026\/04\/9-10-18x7.jpg 18w, https:\/\/halleffectkeyboard.com\/wp-content\/uploads\/2026\/04\/9-10-1200x492.jpg 1200w\" sizes=\"auto, (max-width: 2560px) 100vw, 2560px\" data-no-translation=\"\" \/><\/li>\n<\/ul>\n<h3>Technische Spezifikationen<\/h3>\n<ul>\n<li><strong>Gewicht:<\/strong>\u00a049 g (ultraleicht)<\/li>\n<li><strong>Sensor:<\/strong>\u00a0PAW3395 (26000 DPI)<\/li>\n<li><strong>Schalter:<\/strong>\u00a0Kailh GM 8.0<\/li>\n<li><strong>Verbindung:<\/strong>\u00a02,4 GHz \/ Bluetooth \/ Kabelgebunden<\/li>\n<li><strong>Batterie:<\/strong>\u00a0Lange Akkulaufzeit f\u00fcr ausgiebiges Spielen<br \/>\n<img loading=\"lazy\" decoding=\"async\" class=\"alignnone size-full wp-image-5057\" src=\"https:\/\/halleffectkeyboard.com\/wp-content\/uploads\/2026\/04\/8-15-scaled.jpg\" alt=\"ATTACK SHARK X3 Wireless Gaming Mouse\" width=\"2560\" height=\"1049\" srcset=\"https:\/\/halleffectkeyboard.com\/wp-content\/uploads\/2026\/04\/8-15-scaled.jpg 2560w, https:\/\/halleffectkeyboard.com\/wp-content\/uploads\/2026\/04\/8-15-300x123.jpg 300w, https:\/\/halleffectkeyboard.com\/wp-content\/uploads\/2026\/04\/8-15-1024x420.jpg 1024w, https:\/\/halleffectkeyboard.com\/wp-content\/uploads\/2026\/04\/8-15-768x315.jpg 768w, https:\/\/halleffectkeyboard.com\/wp-content\/uploads\/2026\/04\/8-15-1536x630.jpg 1536w, https:\/\/halleffectkeyboard.com\/wp-content\/uploads\/2026\/04\/8-15-2048x840.jpg 2048w, https:\/\/halleffectkeyboard.com\/wp-content\/uploads\/2026\/04\/8-15-18x7.jpg 18w, https:\/\/halleffectkeyboard.com\/wp-content\/uploads\/2026\/04\/8-15-1200x492.jpg 1200w\" sizes=\"auto, (max-width: 2560px) 100vw, 2560px\" data-no-translation=\"\" \/><\/li>\n<\/ul>\n<p><strong>Lieferumfang:<\/strong> 1 x Attack Shark X3 Gaming-Maus, 1 x Anti-Rutsch-Griffband-Set f\u00fcr die Maus (6-teilig), 1 x USB-Empf\u00e4nger &amp; Kabel <em>(Hinweis: Die Maus ist nicht im Lieferumfang des Griffband-Sets separat enthalten; dieses Paket enth\u00e4lt die Maus und das Griffband-Set.)<br \/>\n<img loading=\"lazy\" decoding=\"async\" class=\"alignnone size-full wp-image-5054\" src=\"https:\/\/halleffectkeyboard.com\/wp-content\/uploads\/2026\/04\/5-30-scaled.jpg\" alt=\"ATTACK SHARK X3 Wireless Gaming Mouse\" width=\"2560\" height=\"1049\" srcset=\"https:\/\/halleffectkeyboard.com\/wp-content\/uploads\/2026\/04\/5-30-scaled.jpg 2560w, https:\/\/halleffectkeyboard.com\/wp-content\/uploads\/2026\/04\/5-30-300x123.jpg 300w, https:\/\/halleffectkeyboard.com\/wp-content\/uploads\/2026\/04\/5-30-1024x420.jpg 1024w, https:\/\/halleffectkeyboard.com\/wp-content\/uploads\/2026\/04\/5-30-768x315.jpg 768w, https:\/\/halleffectkeyboard.com\/wp-content\/uploads\/2026\/04\/5-30-1536x630.jpg 1536w, https:\/\/halleffectkeyboard.com\/wp-content\/uploads\/2026\/04\/5-30-2048x840.jpg 2048w, https:\/\/halleffectkeyboard.com\/wp-content\/uploads\/2026\/04\/5-30-18x7.jpg 18w, https:\/\/halleffectkeyboard.com\/wp-content\/uploads\/2026\/04\/5-30-1200x492.jpg 1200w\" sizes=\"auto, (max-width: 2560px) 100vw, 2560px\" data-no-translation=\"\" \/> <img loading=\"lazy\" decoding=\"async\" class=\"alignnone size-full wp-image-5055\" src=\"https:\/\/halleffectkeyboard.com\/wp-content\/uploads\/2026\/04\/6-18-scaled.jpg\" alt=\"ATTACK SHARK X3 Wireless Gaming Mouse\" width=\"2560\" height=\"1049\" srcset=\"https:\/\/halleffectkeyboard.com\/wp-content\/uploads\/2026\/04\/6-18-scaled.jpg 2560w, https:\/\/halleffectkeyboard.com\/wp-content\/uploads\/2026\/04\/6-18-300x123.jpg 300w, https:\/\/halleffectkeyboard.com\/wp-content\/uploads\/2026\/04\/6-18-1024x420.jpg 1024w, https:\/\/halleffectkeyboard.com\/wp-content\/uploads\/2026\/04\/6-18-768x315.jpg 768w, https:\/\/halleffectkeyboard.com\/wp-content\/uploads\/2026\/04\/6-18-1536x630.jpg 1536w, https:\/\/halleffectkeyboard.com\/wp-content\/uploads\/2026\/04\/6-18-2048x840.jpg 2048w, https:\/\/halleffectkeyboard.com\/wp-content\/uploads\/2026\/04\/6-18-18x7.jpg 18w, https:\/\/halleffectkeyboard.com\/wp-content\/uploads\/2026\/04\/6-18-1200x492.jpg 1200w\" sizes=\"auto, (max-width: 2560px) 100vw, 2560px\" data-no-translation=\"\" \/> <img loading=\"lazy\" decoding=\"async\" class=\"alignnone size-full wp-image-5056\" src=\"https:\/\/halleffectkeyboard.com\/wp-content\/uploads\/2026\/04\/7-15-scaled.jpg\" alt=\"ATTACK SHARK X3 Wireless Gaming Mouse\" width=\"2560\" height=\"1049\" srcset=\"https:\/\/halleffectkeyboard.com\/wp-content\/uploads\/2026\/04\/7-15-scaled.jpg 2560w, https:\/\/halleffectkeyboard.com\/wp-content\/uploads\/2026\/04\/7-15-300x123.jpg 300w, https:\/\/halleffectkeyboard.com\/wp-content\/uploads\/2026\/04\/7-15-1024x420.jpg 1024w, https:\/\/halleffectkeyboard.com\/wp-content\/uploads\/2026\/04\/7-15-768x315.jpg 768w, https:\/\/halleffectkeyboard.com\/wp-content\/uploads\/2026\/04\/7-15-1536x630.jpg 1536w, https:\/\/halleffectkeyboard.com\/wp-content\/uploads\/2026\/04\/7-15-2048x840.jpg 2048w, https:\/\/halleffectkeyboard.com\/wp-content\/uploads\/2026\/04\/7-15-18x7.jpg 18w, https:\/\/halleffectkeyboard.com\/wp-content\/uploads\/2026\/04\/7-15-1200x492.jpg 1200w\" sizes=\"auto, (max-width: 2560px) 100vw, 2560px\" data-no-translation=\"\" \/><br \/>\n<\/em><\/p>","protected":false},"excerpt":{"rendered":"<p><strong>Attack Shark X3: The Ultimate 49g Lightweight Wireless Gaming Mouse.<\/strong> Engineered with the flagship PAW3395 sensor and tri-mode connectivity, the X3 delivers pro-grade precision at a budget-friendly price. Experience elite performance, zero lag, and unmatched comfort in every match.<\/p>","protected":false},"featured_media":5031,"comment_status":"open","ping_status":"closed","template":"","meta":[],"product_brand":[411],"product_cat":[331],"product_tag":[499,338,498],"class_list":{"0":"post-5030","1":"product","2":"type-product","3":"status-publish","4":"has-post-thumbnail","6":"product_brand-attack-shark","7":"product_cat-mouse","8":"product_tag-gaming-mouse","9":"product_tag-mouse","10":"product_tag-wireless-mouse","12":"first","13":"instock","14":"taxable","15":"shipping-taxable","16":"purchasable","17":"product-type-variable","18":"wvs-archive-product-wrapper"},"aioseo_notices":[],"ct_brands":[{"id":411,"name":"Angriffshai","slug":"attack-shark"}],"jetpack_sharing_enabled":true,"_links":{"self":[{"href":"https:\/\/halleffectkeyboard.com\/de\/wp-json\/wp\/v2\/product\/5030","targetHints":{"allow":["GET"]}}],"collection":[{"href":"https:\/\/halleffectkeyboard.com\/de\/wp-json\/wp\/v2\/product"}],"about":[{"href":"https:\/\/halleffectkeyboard.com\/de\/wp-json\/wp\/v2\/types\/product"}],"replies":[{"embeddable":true,"href":"https:\/\/halleffectkeyboard.com\/de\/wp-json\/wp\/v2\/comments?post=5030"}],"version-history":[{"count":4,"href":"https:\/\/halleffectkeyboard.com\/de\/wp-json\/wp\/v2\/product\/5030\/revisions"}],"predecessor-version":[{"id":5060,"href":"https:\/\/halleffectkeyboard.com\/de\/wp-json\/wp\/v2\/product\/5030\/revisions\/5060"}],"wp:featuredmedia":[{"embeddable":true,"href":"https:\/\/halleffectkeyboard.com\/de\/wp-json\/wp\/v2\/media\/5031"}],"wp:attachment":[{"href":"https:\/\/halleffectkeyboard.com\/de\/wp-json\/wp\/v2\/media?parent=5030"}],"wp:term":[{"taxonomy":"product_brand","embeddable":true,"href":"https:\/\/halleffectkeyboard.com\/de\/wp-json\/wp\/v2\/product_brand?post=5030"},{"taxonomy":"product_cat","embeddable":true,"href":"https:\/\/halleffectkeyboard.com\/de\/wp-json\/wp\/v2\/product_cat?post=5030"},{"taxonomy":"product_tag","embeddable":true,"href":"https:\/\/halleffectkeyboard.com\/de\/wp-json\/wp\/v2\/product_tag?post=5030"}],"curies":[{"name":"wp","href":"https:\/\/api.w.org\/{rel}","templated":true}]}}