{"id":4476,"date":"2026-04-21T11:33:12","date_gmt":"2026-04-21T03:33:12","guid":{"rendered":"https:\/\/halleffectkeyboard.com\/"},"modified":"2026-04-21T15:26:01","modified_gmt":"2026-04-21T07:26:01","slug":"aula-f75-75-mechanische-tastatur-ansi-iso-layout","status":"publish","type":"product","link":"https:\/\/halleffectkeyboard.com\/de\/product\/aula-f75-75-mechanische-tastatur-ansi-iso-layout\/","title":{"rendered":"AULA F75 75% Mechanische Tastatur \u2013 ANSI\/ISO-Layout"},"content":{"rendered":"<h3><strong>AULA F75 75% Mechanische Tastatur \u2013 ANSI\/ISO-Layout | Die ultimative kabellose Custom-Tastatur<\/strong><\/h3>\n<p>Entdecken Sie das ultimative Tipp- und Spielerlebnis mit dem <strong>AULA F75 75% Mechanische Tastatur<\/strong>. Ob Sie nun nach dem\/der\/dem suchen <strong>beste mechanische Tastatur<\/strong> f\u00fcr die t\u00e4gliche Produktivit\u00e4t oder eine hohe Leistung <strong>kabellose Gaming-Tastatur<\/strong>, Die AULA F75 bietet eine au\u00dfergew\u00f6hnliche Verarbeitungsqualit\u00e4t und erstklassige Akustik. Ausgestattet mit einem <strong>kompaktes 75%-Tastaturlayout<\/strong>, Es spart wertvollen Platz auf dem Schreibtisch und bietet gleichzeitig alle wichtigen Funktionstasten und Navigationselemente. Optimieren Sie Ihren Arbeitsplatz noch heute und entdecken Sie, warum das AULA F75 zu den Top-Modellen unter den modernen Notebooks z\u00e4hlt. <strong>75% Tastaturen<\/strong> sowohl f\u00fcr Gamer als auch f\u00fcr Profis.<br \/>\n<img loading=\"lazy\" decoding=\"async\" class=\"alignnone size-full wp-image-4427\" src=\"https:\/\/halleffectkeyboard.com\/wp-content\/uploads\/2026\/04\/AULA-F75-Mechanical-Keyboard-2.jpg\" alt=\"AULA-F75-Mechanische-Tastatur\" width=\"1464\" height=\"600\" srcset=\"https:\/\/halleffectkeyboard.com\/wp-content\/uploads\/2026\/04\/AULA-F75-Mechanical-Keyboard-2.jpg 1464w, https:\/\/halleffectkeyboard.com\/wp-content\/uploads\/2026\/04\/AULA-F75-Mechanical-Keyboard-2-300x123.jpg 300w, https:\/\/halleffectkeyboard.com\/wp-content\/uploads\/2026\/04\/AULA-F75-Mechanical-Keyboard-2-1024x420.jpg 1024w, https:\/\/halleffectkeyboard.com\/wp-content\/uploads\/2026\/04\/AULA-F75-Mechanical-Keyboard-2-768x315.jpg 768w, https:\/\/halleffectkeyboard.com\/wp-content\/uploads\/2026\/04\/AULA-F75-Mechanical-Keyboard-2-18x7.jpg 18w, https:\/\/halleffectkeyboard.com\/wp-content\/uploads\/2026\/04\/AULA-F75-Mechanical-Keyboard-2-1200x492.jpg 1200w\" sizes=\"auto, (max-width: 1464px) 100vw, 1464px\" \/><\/p>\n<p><strong>Un\u00fcbertroffene Akustik und Dichtungsstruktur<br \/>\n<\/strong><\/p>\n<p>Erleben Sie eine ruhige, hochkonzentrierte und angenehme Tippumgebung mit dem <strong>AULA F75 mechanische Tastatur mit Dichtungsmontage<\/strong>. Es wurde sowohl f\u00fcr Vielschreiber als auch f\u00fcr Gamer entwickelt und verf\u00fcgt \u00fcber eine ausgekl\u00fcgelte <strong>Dichtungsstruktur<\/strong> gepaart mit einem <strong>1,2 mm einteilige, geschlitzte Leiterplatte<\/strong>, und erm\u00f6glicht so einen weicheren, ged\u00e4mpfteren Tastenanschlag.<\/p>\n<p>Um Geh\u00e4useger\u00e4usche zu eliminieren und ein erstklassiges Klangprofil zu erzielen, ist die AULA F75 mit einem sorgf\u00e4ltig konstruierten Geh\u00e4use ausgestattet. <strong>f\u00fcnflagige schall- und sto\u00dfd\u00e4mpfende Innenstruktur<\/strong>. Dieses hochwertige Schalld\u00e4mpfungssystem umfasst:<\/p>\n<ul>\n<li><strong>Silikon-Unterseite:<\/strong>\u00a0Verringert Resonanzen am Anschlag und Geh\u00e4useger\u00e4usche.<\/li>\n<li><strong>Poron-Bodenschaum:<\/strong>\u00a0Absorbiert hohle Ger\u00e4usche und sorgt so f\u00fcr ein solides, sattes Tippgef\u00fchl.<\/li>\n<li><strong>Ger\u00e4uschverst\u00e4rkungsmatte f\u00fcr Haustiere:<\/strong>\u00a0Verfeinert und konzentriert die Schalterakustik.<\/li>\n<li><strong>IXPE-Schalterfeld:<\/strong>\u00a0D\u00e4mpft den Schaltvorgang und verst\u00e4rkt den typischen \u201cThocky\u201d-Sound.<\/li>\n<li><strong>Poron Plattenschaum:<\/strong>\u00a0Bietet erstklassige Vibrationsisolierung zwischen Platte und Leiterplatte.<\/li>\n<\/ul>\n<p><img loading=\"lazy\" decoding=\"async\" class=\"alignnone size-full wp-image-4428\" src=\"https:\/\/halleffectkeyboard.com\/wp-content\/uploads\/2026\/04\/AULA-F75-Mechanical-Keyboard-3.jpg\" alt=\"AULA-F75-Mechanische-Tastatur\" width=\"1464\" height=\"600\" srcset=\"https:\/\/halleffectkeyboard.com\/wp-content\/uploads\/2026\/04\/AULA-F75-Mechanical-Keyboard-3.jpg 1464w, https:\/\/halleffectkeyboard.com\/wp-content\/uploads\/2026\/04\/AULA-F75-Mechanical-Keyboard-3-300x123.jpg 300w, https:\/\/halleffectkeyboard.com\/wp-content\/uploads\/2026\/04\/AULA-F75-Mechanical-Keyboard-3-1024x420.jpg 1024w, https:\/\/halleffectkeyboard.com\/wp-content\/uploads\/2026\/04\/AULA-F75-Mechanical-Keyboard-3-768x315.jpg 768w, https:\/\/halleffectkeyboard.com\/wp-content\/uploads\/2026\/04\/AULA-F75-Mechanical-Keyboard-3-18x7.jpg 18w, https:\/\/halleffectkeyboard.com\/wp-content\/uploads\/2026\/04\/AULA-F75-Mechanical-Keyboard-3-1200x492.jpg 1200w\" sizes=\"auto, (max-width: 1464px) 100vw, 1464px\" \/><\/p>\n<p><strong>Premium-Schall- und Ger\u00e4uschreduzierung<\/strong><\/p>\n<blockquote><p>Diese sorgf\u00e4ltig gefertigte Dichtungskonstruktion reduziert Tippger\u00e4usche und Geh\u00e4useresonanzen deutlich. Sie hebt Ihr Tipperlebnis weit \u00fcber das einer Standard-Cherry-MX-Tastatur hinaus und bietet ein Premium-Erlebnis., <strong>Thockey-Klangprofil<\/strong> Sofort einsatzbereit \u2013 keine zus\u00e4tzlichen Modifikationen erforderlich.<\/p><\/blockquote>\n<p><strong>Echte Anpassungsm\u00f6glichkeiten: Mechanische Tastatur mit Hot-Swap-Funktion<\/strong><\/p>\n<blockquote><p>Dieses Ger\u00e4t wurde sowohl f\u00fcr Keyboard-Enthusiasten als auch f\u00fcr Anf\u00e4nger entwickelt. <strong>benutzerdefinierte mechanische Tastatur<\/strong> verf\u00fcgt \u00fcber eine \u00e4u\u00dferst vielseitige Leiterplatte, die nahezu alle unterst\u00fctzt <strong>3-polige und 5-polige mechanische Schalter<\/strong> auf dem Markt. Als vollst\u00e4ndig <strong>Hot-Swap-f\u00e4hige Tastatur<\/strong>, Sie k\u00f6nnen Ihr Tippgef\u00fchl und Ihre Akustik ganz einfach und ohne L\u00f6ten anpassen. Einfach anschlie\u00dfen und loslegen, um verschiedene lineare, taktile oder klickende Tasten auszuprobieren. <strong>Hot-Swap-f\u00e4hige Schalter<\/strong> um Ihren perfekten Partner zu finden.<\/p><\/blockquote>\n<p><img loading=\"lazy\" decoding=\"async\" class=\"alignnone size-full wp-image-4431\" src=\"https:\/\/halleffectkeyboard.com\/wp-content\/uploads\/2026\/04\/AULA-F75-Mechanical-Keyboard-6.jpg\" alt=\"AULA-F75-Mechanische-Tastatur\" width=\"1464\" height=\"600\" srcset=\"https:\/\/halleffectkeyboard.com\/wp-content\/uploads\/2026\/04\/AULA-F75-Mechanical-Keyboard-6.jpg 1464w, https:\/\/halleffectkeyboard.com\/wp-content\/uploads\/2026\/04\/AULA-F75-Mechanical-Keyboard-6-300x123.jpg 300w, https:\/\/halleffectkeyboard.com\/wp-content\/uploads\/2026\/04\/AULA-F75-Mechanical-Keyboard-6-1024x420.jpg 1024w, https:\/\/halleffectkeyboard.com\/wp-content\/uploads\/2026\/04\/AULA-F75-Mechanical-Keyboard-6-768x315.jpg 768w, https:\/\/halleffectkeyboard.com\/wp-content\/uploads\/2026\/04\/AULA-F75-Mechanical-Keyboard-6-18x7.jpg 18w, https:\/\/halleffectkeyboard.com\/wp-content\/uploads\/2026\/04\/AULA-F75-Mechanical-Keyboard-6-1200x492.jpg 1200w\" sizes=\"auto, (max-width: 1464px) 100vw, 1464px\" \/><\/p>\n<p><strong>Drahtlose Dreimodus-Konnektivit\u00e4t und langlebiger Akku<\/strong><\/p>\n<p>Als \u00e4u\u00dferst vielseitig <strong>75% kabellose mechanische Tastatur<\/strong>, Die AULA F75 bietet nahtlose <strong>Tri-Mode-Konnektivit\u00e4t<\/strong> Es l\u00e4sst sich perfekt in jedes Gaming- oder Produktivit\u00e4ts-Setup integrieren. Ausgestattet mit einem leistungsstarken Akku gew\u00e4hrleistet es wochenlange, unterbrechungsfreie Leistung.<\/p>\n<p>Wechseln Sie einfach zwischen den Modi, um sie an Ihren Arbeitsablauf anzupassen:<\/p>\n<ul>\n<li><strong>Bluetooth 5.0 (FN+1\/2\/3):<\/strong>\u00a0Bis zu 3 Ger\u00e4te lassen sich m\u00fchelos koppeln und zwischen ihnen wechseln. Vollst\u00e4ndig kompatibel mit\u00a0<strong>Windows, macOS, Linux, iOS und Android<\/strong>\u00a0Systeme f\u00fcr ultimatives Multitasking mit mehreren Ger\u00e4ten.<\/li>\n<li><strong>2,4-GHz-Funk (FN+~):<\/strong>\u00a0Erleben Sie extrem niedrige Latenzzeiten mit blitzschnellem Internet.\u00a0<strong>1000 Hz Abtastrate<\/strong>, was es zum perfekten macht\u00a0<strong>kabellose Gaming-Tastatur<\/strong>\u00a0f\u00fcr wettbewerbsorientierten E-Sport.<\/li>\n<li><strong>USB Typ-C kabelgebunden:<\/strong>\u00a0Bietet eine stabile Verbindung ohne Latenz und l\u00e4dt gleichzeitig Ihre Tastatur schnell auf.<\/li>\n<\/ul>\n<p><img loading=\"lazy\" decoding=\"async\" class=\"alignnone size-full wp-image-4430\" src=\"https:\/\/halleffectkeyboard.com\/wp-content\/uploads\/2026\/04\/AULA-F75-Mechanical-Keyboard-5.jpg\" alt=\"AULA-F75-Mechanische-Tastatur\" width=\"1464\" height=\"600\" srcset=\"https:\/\/halleffectkeyboard.com\/wp-content\/uploads\/2026\/04\/AULA-F75-Mechanical-Keyboard-5.jpg 1464w, https:\/\/halleffectkeyboard.com\/wp-content\/uploads\/2026\/04\/AULA-F75-Mechanical-Keyboard-5-300x123.jpg 300w, https:\/\/halleffectkeyboard.com\/wp-content\/uploads\/2026\/04\/AULA-F75-Mechanical-Keyboard-5-1024x420.jpg 1024w, https:\/\/halleffectkeyboard.com\/wp-content\/uploads\/2026\/04\/AULA-F75-Mechanical-Keyboard-5-768x315.jpg 768w, https:\/\/halleffectkeyboard.com\/wp-content\/uploads\/2026\/04\/AULA-F75-Mechanical-Keyboard-5-18x7.jpg 18w, https:\/\/halleffectkeyboard.com\/wp-content\/uploads\/2026\/04\/AULA-F75-Mechanical-Keyboard-5-1200x492.jpg 1200w\" sizes=\"auto, (max-width: 1464px) 100vw, 1464px\" \/><\/p>\n<p><strong> Riesiger 4000-mAh-Akku f\u00fcr l\u00e4ngere Nutzung<\/strong><\/p>\n<blockquote><p>Angetrieben von einem Hochleistungs- <strong>4000-mAh-Akku<\/strong>, Das <strong>kabellose mechanische Tastatur<\/strong> Gew\u00e4hrleistet wochenlange, unterbrechungsfreie Leistung. Ob lange Arbeitssitzungen oder intensive Gaming-Marathons \u2013 die AULA F75 liefert zuverl\u00e4ssige, langanhaltende Energie ohne st\u00e4ndiges Aufladen.<\/p><\/blockquote>\n<p><strong>Hochwertige, vorgeschmierte mechanische Schalter<\/strong><\/p>\n<blockquote><p>Jeder <strong>AULA F75 mechanische Tastatur<\/strong> ist mit hochwertigen Materialien ausgestattet, <strong>werkseitig vorgeschmierte lineare Schalter<\/strong> und pr\u00e4zisionsabgestimmte, plattenmontierte Stabilisatoren. Dies garantiert einen butterweichen Tastenanschlag und eliminiert Kabelklappern direkt nach dem Auspacken. Passen Sie Ihre Einstellungen an <strong>75-Prozent-Tastatur<\/strong> indem Sie den perfekten Schalter f\u00fcr Ihren Tipp- oder Spielstil ausw\u00e4hlen:<\/p>\n<ul>\n<li><strong>TTC Crescent Switch (Linear):<\/strong>\u00a0Schnelle Ausl\u00f6sung f\u00fcr kompetitives Gaming.\n<ul>\n<li><em>Gesamtreisezeit:<\/em>\u00a03,6 mm |\u00a0<em>Vor Reiseantritt (Aktivierung):<\/em>\u00a01,5 mm |\u00a0<em>Anfangskraft:<\/em>\u00a042gf |\u00a0<em>Bodenkraft:<\/em>\u00a056gf<\/li>\n<\/ul>\n<\/li>\n<li><strong>LEOBOG Reaper Schalter (Linear):<\/strong>\u00a0Perfekt ausbalanciert f\u00fcr Tippen und Spielen.\n<ul>\n<li><em>Gesamtreisezeit:<\/em>\u00a03,6 mm |\u00a0<em>Vor Reiseantritt (Aktivierung):<\/em>\u00a01,8 mm |\u00a0<em>Anfangskraft:<\/em>\u00a045gf |\u00a0<em>Bodenkraft:<\/em>\u00a055gf<\/li>\n<\/ul>\n<\/li>\n<li><strong>LEOBOG Ice Vein Switch (Linear):<\/strong>\u00a0Extrem sanfte und gleichm\u00e4\u00dfige Tastenanschl\u00e4ge.\n<ul>\n<li><em>Gesamtreisezeit:<\/em>\u00a03,6 \u00b1 0,3 mm |\u00a0<em>Vor Reiseantritt (Aktivierung):<\/em>\u00a01,5 \u00b1 0,3 mm |\u00a0<em>Anfangskraft:<\/em>\u00a042 \u00b1 3gf |\u00a0<em>Bodenkraft:<\/em>\u00a055 \u00b1 3gf<\/li>\n<\/ul>\n<\/li>\n<\/ul>\n<\/blockquote>\n<p><img loading=\"lazy\" decoding=\"async\" class=\"alignnone size-full wp-image-4429\" src=\"https:\/\/halleffectkeyboard.com\/wp-content\/uploads\/2026\/04\/AULA-F75-Mechanical-Keyboard-4.jpg\" alt=\"AULA-F75-Mechanische-Tastatur\" width=\"1464\" height=\"600\" srcset=\"https:\/\/halleffectkeyboard.com\/wp-content\/uploads\/2026\/04\/AULA-F75-Mechanical-Keyboard-4.jpg 1464w, https:\/\/halleffectkeyboard.com\/wp-content\/uploads\/2026\/04\/AULA-F75-Mechanical-Keyboard-4-300x123.jpg 300w, https:\/\/halleffectkeyboard.com\/wp-content\/uploads\/2026\/04\/AULA-F75-Mechanical-Keyboard-4-1024x420.jpg 1024w, https:\/\/halleffectkeyboard.com\/wp-content\/uploads\/2026\/04\/AULA-F75-Mechanical-Keyboard-4-768x315.jpg 768w, https:\/\/halleffectkeyboard.com\/wp-content\/uploads\/2026\/04\/AULA-F75-Mechanical-Keyboard-4-18x7.jpg 18w, https:\/\/halleffectkeyboard.com\/wp-content\/uploads\/2026\/04\/AULA-F75-Mechanical-Keyboard-4-1200x492.jpg 1200w\" sizes=\"auto, (max-width: 1464px) 100vw, 1464px\" \/><\/p>\n<p><strong>Atemberaubendes Design und Ergonomie f\u00fcr Ihren Arbeitsplatz<\/strong><\/p>\n<blockquote><p>Werten Sie Ihren Arbeitsplatz auf mit einem <strong>benutzerdefinierte mechanische Tastatur<\/strong> Das AULA F75 vereint \u00c4sthetik und Funktionalit\u00e4t in perfekter Harmonie. Es wurde mit hochwertigen Materialien und ergonomischen Merkmalen sorgf\u00e4ltig gestaltet, um sowohl den Tippkomfort als auch die Gaming-Performance zu verbessern.<\/p>\n<ul>\n<li><strong>Hochwertige Double-Shot-PBT-Tastenkappen:<\/strong>\u00a0Erleben Sie ein \u00fcberragendes haptisches Erlebnis mit \u00e4u\u00dferst strapazierf\u00e4higer, \u00f6lbest\u00e4ndiger Oberfl\u00e4che.\u00a0<strong>PBT-Tastenkappen<\/strong>. Sie wurden entwickelt, um intensiven Gaming-Sessions standzuhalten, verhindern den gef\u00fcrchteten \u201cGlanz\u201d-Effekt und sorgen daf\u00fcr, dass die Legenden mit der Zeit nicht verblassen.<\/li>\n<li><strong>Taktiler Multimedia-Bedienknopf:<\/strong>\u00a0Steigern Sie Ihre Produktivit\u00e4t mit einem integrierten\u00a0<strong>Drehregler f\u00fcr Lautst\u00e4rke<\/strong>. Passen Sie Audiopegel schnell und einfach an, schalten Sie stumm oder verwalten Sie Medieneinstellungen im Handumdrehen, ohne Ihren Arbeitsablauf oder Ihr Spiel zu unterbrechen.<\/li>\n<li><strong>Dynamische RGB-Vollhintergrundbeleuchtung:<\/strong>\u00a0Personalisiere dein Gaming-Setup mit hochgradig anpassbaren\u00a0<strong>RGB-Beleuchtungsmodi<\/strong>. Ausgestattet mit hellen, nach Norden ausgerichteten LEDs,\u00a0<strong>RGB-mechanische Tastatur<\/strong>\u00a0liefert eine lebendige, immersive Beleuchtung, die perfekt zu Ihrer individuellen Desktop-\u00c4sthetik passt.<\/li>\n<\/ul>\n<\/blockquote>\n<p><img loading=\"lazy\" decoding=\"async\" class=\"alignnone size-full wp-image-4433\" src=\"https:\/\/halleffectkeyboard.com\/wp-content\/uploads\/2026\/04\/AULA-F75-Mechanical-Keyboard-8.jpg\" alt=\"AULA-F75-Mechanische-Tastatur\" width=\"1464\" height=\"600\" srcset=\"https:\/\/halleffectkeyboard.com\/wp-content\/uploads\/2026\/04\/AULA-F75-Mechanical-Keyboard-8.jpg 1464w, https:\/\/halleffectkeyboard.com\/wp-content\/uploads\/2026\/04\/AULA-F75-Mechanical-Keyboard-8-300x123.jpg 300w, https:\/\/halleffectkeyboard.com\/wp-content\/uploads\/2026\/04\/AULA-F75-Mechanical-Keyboard-8-1024x420.jpg 1024w, https:\/\/halleffectkeyboard.com\/wp-content\/uploads\/2026\/04\/AULA-F75-Mechanical-Keyboard-8-768x315.jpg 768w, https:\/\/halleffectkeyboard.com\/wp-content\/uploads\/2026\/04\/AULA-F75-Mechanical-Keyboard-8-18x7.jpg 18w, https:\/\/halleffectkeyboard.com\/wp-content\/uploads\/2026\/04\/AULA-F75-Mechanical-Keyboard-8-1200x492.jpg 1200w\" sizes=\"auto, (max-width: 1464px) 100vw, 1464px\" \/><\/p>\n<p><strong>Warum sollte man sich f\u00fcr die mechanische Tastatur AULA F75 entscheiden?<\/strong><\/p>\n<blockquote><p>Wenn Sie nach dem\/der\/dem suchen <strong>beste mechanische Tastatur f\u00fcr kleines Budget<\/strong> die keine Kompromisse bei Premium-Funktionen eingeht, die <strong>AULA F75<\/strong> ist Ihre ultimative L\u00f6sung. Sie bietet ein erstklassiges Tipp- und Spielerlebnis zu einem unglaublich g\u00fcnstigen Preis.<\/p>\n<p>Durch die Kombination einer platzsparenden <strong>75% Tastaturlayout<\/strong>, robuste, dichtungsmontierte Schalld\u00e4mpfung und eine vollst\u00e4ndige <strong>mechanische Tastatur mit Hot-Swap-Funktion<\/strong> Dank seiner Architektur bietet dieses Ger\u00e4t ein unschlagbares Preis-Leistungs-Verh\u00e4ltnis sowohl f\u00fcr Enthusiasten als auch f\u00fcr Alltagsnutzer.<\/p>\n<p><strong>Werten Sie Ihren Schreibtisch noch heute auf!<\/strong> Entdecken Sie, wo erstklassige Handwerkskunst auf grenzenlose Individualisierung trifft \u2013 mit dem <strong>AULA F75 kabellose Tastatur<\/strong>.<\/p><\/blockquote>","protected":false},"excerpt":{"rendered":"<p><strong>Tri-Mode &amp; Multi-OS:<\/strong> BT\/2.4G\/Kabelgebunden, kompatibel mit allen g\u00e4ngigen Systemen.<br \/>\n<strong>Vollst\u00e4ndig im laufenden Betrieb austauschbar:<\/strong> Unterst\u00fctzt 3\/5-polige Schalter.<br \/>\n<strong>Premium-Akustik:<\/strong> 5-lagige D\u00e4mpfung mit vorgeschmierten Schaltern.<br \/>\n<strong>Robuste Bauweise:<\/strong> PBT-Tastenkappen, RGB-Beleuchtung, Multimedia-Drehknopf und 4000-mAh-Akku.<\/p>","protected":false},"featured_media":4474,"comment_status":"open","ping_status":"closed","template":"","meta":[],"product_brand":[54],"product_cat":[243],"product_tag":[409,410,386,22,244,408],"class_list":{"0":"post-4476","1":"product","2":"type-product","3":"status-publish","4":"has-post-thumbnail","6":"product_brand-aula","7":"product_cat-mechanical-keyboard","8":"product_tag-aula-f75","9":"product_tag-aula-keyboard","10":"product_tag-gaming-keyboard","11":"product_tag-keyboard","12":"product_tag-mechanical-keyboard","13":"product_tag-wireless-keyboard","15":"first","16":"instock","17":"taxable","18":"shipping-taxable","19":"purchasable","20":"product-type-variable","21":"wvs-archive-product-wrapper"},"aioseo_notices":[],"ct_brands":[{"id":54,"name":"AULA","slug":"aula"}],"jetpack_sharing_enabled":true,"_links":{"self":[{"href":"https:\/\/halleffectkeyboard.com\/de\/wp-json\/wp\/v2\/product\/4476","targetHints":{"allow":["GET"]}}],"collection":[{"href":"https:\/\/halleffectkeyboard.com\/de\/wp-json\/wp\/v2\/product"}],"about":[{"href":"https:\/\/halleffectkeyboard.com\/de\/wp-json\/wp\/v2\/types\/product"}],"replies":[{"embeddable":true,"href":"https:\/\/halleffectkeyboard.com\/de\/wp-json\/wp\/v2\/comments?post=4476"}],"version-history":[{"count":10,"href":"https:\/\/halleffectkeyboard.com\/de\/wp-json\/wp\/v2\/product\/4476\/revisions"}],"predecessor-version":[{"id":4508,"href":"https:\/\/halleffectkeyboard.com\/de\/wp-json\/wp\/v2\/product\/4476\/revisions\/4508"}],"wp:featuredmedia":[{"embeddable":true,"href":"https:\/\/halleffectkeyboard.com\/de\/wp-json\/wp\/v2\/media\/4474"}],"wp:attachment":[{"href":"https:\/\/halleffectkeyboard.com\/de\/wp-json\/wp\/v2\/media?parent=4476"}],"wp:term":[{"taxonomy":"product_brand","embeddable":true,"href":"https:\/\/halleffectkeyboard.com\/de\/wp-json\/wp\/v2\/product_brand?post=4476"},{"taxonomy":"product_cat","embeddable":true,"href":"https:\/\/halleffectkeyboard.com\/de\/wp-json\/wp\/v2\/product_cat?post=4476"},{"taxonomy":"product_tag","embeddable":true,"href":"https:\/\/halleffectkeyboard.com\/de\/wp-json\/wp\/v2\/product_tag?post=4476"}],"curies":[{"name":"wp","href":"https:\/\/api.w.org\/{rel}","templated":true}]}}