{"id":2394,"date":"2025-05-12T22:22:25","date_gmt":"2025-05-12T14:22:25","guid":{"rendered":"https:\/\/halleffectkeyboard.com\/?post_type=product&#038;p=2394"},"modified":"2026-03-16T18:05:28","modified_gmt":"2026-03-16T10:05:28","slug":"aula-held-68-er","status":"publish","type":"product","link":"https:\/\/halleffectkeyboard.com\/de\/product\/aula-held-68-er\/","title":{"rendered":"AULA Hero 68 he"},"content":{"rendered":"<h1>AULA HERO 68 HE Magnetische Gaming-Tastatur \u2013 65%-Layout | 8K-Abfragerate | Hot-Swap-f\u00e4hig | Einstellbare Bet\u00e4tigung<\/h1>\n<h2>Verbessern Sie Ihr Spiel mit magnetischer Pr\u00e4zision<\/h2>\n<p>Treten Sie ein in die Zukunft des kompetitiven Gamings mit dem <strong>AULA HERO 68 HE<\/strong>, eine kabelgebundene, Hot-Swap-f\u00e4hige Hall-Effekt-Tastatur 65%, die auf Geschwindigkeit, Genauigkeit und Anpassbarkeit ausgelegt ist. Powered by <strong>fortschrittliche Magnetschaltertechnologie<\/strong>, es liefert <strong>ultra-reaktionsschnelle Leistung<\/strong> mit einem <strong>8.000 Hz Abfragerate<\/strong> Und <strong>128K Scanrate<\/strong>, wodurch selbst in den intensivsten Gaming-Szenarien eine Latenz von nahezu null gew\u00e4hrleistet wird.<\/p>\n<p><img loading=\"lazy\" decoding=\"async\" class=\"alignnone size-full wp-image-2431\" src=\"https:\/\/halleffectkeyboard.com\/wp-content\/uploads\/2025\/05\/HERO68.jpg\" alt=\"HERO68\" width=\"1646\" height=\"1429\" srcset=\"https:\/\/halleffectkeyboard.com\/wp-content\/uploads\/2025\/05\/HERO68.jpg 1646w, https:\/\/halleffectkeyboard.com\/wp-content\/uploads\/2025\/05\/HERO68-1200x1042.jpg 1200w, https:\/\/halleffectkeyboard.com\/wp-content\/uploads\/2025\/05\/HERO68-300x260.jpg 300w, https:\/\/halleffectkeyboard.com\/wp-content\/uploads\/2025\/05\/HERO68-1024x889.jpg 1024w, https:\/\/halleffectkeyboard.com\/wp-content\/uploads\/2025\/05\/HERO68-768x667.jpg 768w, https:\/\/halleffectkeyboard.com\/wp-content\/uploads\/2025\/05\/HERO68-1536x1334.jpg 1536w\" sizes=\"auto, (max-width: 1646px) 100vw, 1646px\" \/><\/p>\n<h2>Hauptmerkmale<\/h2>\n<h3>Magnetschaltertechnologie<\/h3>\n<p>W\u00e4hlen Sie aus vier Hochleistungs-Magnetschaltern \u2013 <strong>Meteor Magnetic<\/strong>, <strong>Schwarzer K\u00f6nig<\/strong>, <strong>Drachenk\u00f6nig<\/strong>, Und <strong>Jadek\u00f6nig<\/strong> \u2013 jeder bietet einzigartige Kraftprofile und Haptik, sodass Sie Ihren Schalter an Ihren Spielstil anpassen k\u00f6nnen.<\/p>\n<h3>Einstellbarer Bet\u00e4tigungspunkt (0,01 mm \u2013 3,4 mm)<\/h3>\n<p>\u00dcbernehmen Sie die volle Kontrolle \u00fcber Ihre Tastatureingaben mit <strong>anpassbare Bet\u00e4tigungsabst\u00e4nde<\/strong>Egal, ob Sie in FPS-Spielen blitzschnell tippen oder in MOBA- oder RTS-Titeln tiefer dr\u00fccken, die HERO 68 HE passt sich Ihren Anforderungen an.<\/p>\n<h3>8000 Hz Abfragerate und 128 K Scanrate<\/h3>\n<p>Erfahrung <strong>echte Eingangsgeschwindigkeit auf Wettbewerbsniveau<\/strong>Mit seiner branchenf\u00fchrenden 8K-Abfragerate registriert der HERO 68 HE jeden Tastendruck mit h\u00f6chster Pr\u00e4zision und praktisch ohne Verz\u00f6gerung.<\/p>\n<h3>Hot-Swap-f\u00e4hige Magnetschalter<\/h3>\n<p>Einfacher Austausch der Schalter ohne L\u00f6ten. Die Tastatur unterst\u00fctzt eine Reihe von <strong>AULA Magnetschalter<\/strong> und ist <strong>TTC King-kompatibel<\/strong>, wodurch Sie die gr\u00f6\u00dftm\u00f6gliche Flexibilit\u00e4t bei der Feinabstimmung Ihres taktilen Erlebnisses haben.<\/p>\n<h3>Pro-Level-Funktionen<\/h3>\n<p>Entfesseln Sie Ihr Potenzial mit erweiterten Funktionen, darunter:<\/p>\n<ul>\n<li><strong>SOCD (Snap Key)<\/strong> zur Eingangsreinigung<\/li>\n<li><strong>Mod-Tap<\/strong> um Doppelfunktionstasten zuzuweisen<\/li>\n<li><strong>Dynamischer Tastendruck<\/strong> zur Echtzeit-Steuerungsanpassung<br \/>\nPerfekt f\u00fcr Gamer, die Vielseitigkeit und Geschwindigkeit verlangen.<\/li>\n<\/ul>\n<h3>Erstklassige Verarbeitung und \u00c4sthetik<\/h3>\n<p>Gebaut mit einem soliden <strong>Metalloberplatte<\/strong> und ein <strong>5-lagiger schalld\u00e4mpfender Aufbau<\/strong>, der HERO 68 HE bietet eine <strong>befriedigender, tiefer \u201eThock\u201c-Sound<\/strong>. Gekoppelt mit <strong>nach S\u00fcden ausgerichtete RGB-LEDs pro Taste<\/strong>, <strong>durchscheinende Tastenkappen<\/strong>und ein <strong>schlichtes, modernes Aussehen<\/strong>, es verbessert sowohl Ihre Leistung als auch Ihr Setup.<\/p>\n<h2><img loading=\"lazy\" decoding=\"async\" class=\"alignnone size-full wp-image-2429\" src=\"https:\/\/halleffectkeyboard.com\/wp-content\/uploads\/2025\/05\/HERO-68-rgb.jpg\" alt=\"HERO-68-rgb\" width=\"1646\" height=\"1271\" srcset=\"https:\/\/halleffectkeyboard.com\/wp-content\/uploads\/2025\/05\/HERO-68-rgb.jpg 1646w, https:\/\/halleffectkeyboard.com\/wp-content\/uploads\/2025\/05\/HERO-68-rgb-1200x927.jpg 1200w, https:\/\/halleffectkeyboard.com\/wp-content\/uploads\/2025\/05\/HERO-68-rgb-300x232.jpg 300w, https:\/\/halleffectkeyboard.com\/wp-content\/uploads\/2025\/05\/HERO-68-rgb-1024x791.jpg 1024w, https:\/\/halleffectkeyboard.com\/wp-content\/uploads\/2025\/05\/HERO-68-rgb-768x593.jpg 768w, https:\/\/halleffectkeyboard.com\/wp-content\/uploads\/2025\/05\/HERO-68-rgb-1536x1186.jpg 1536w\" sizes=\"auto, (max-width: 1646px) 100vw, 1646px\" \/><\/h2>\n<h2>Switch-Spezifikationen<\/h2>\n<table>\n<thead>\n<tr>\n<th>Schaltertyp<\/th>\n<th>Ausl\u00f6sekraft<\/th>\n<th>Durchschlagskraft<\/th>\n<th>Gesamtreise<\/th>\n<th>Magnetischer Fluss<\/th>\n<th>Vorgeschmiert<\/th>\n<th>Lichtdiffusor<\/th>\n<\/tr>\n<\/thead>\n<tbody>\n<tr>\n<td>Meteor Magnetic<\/td>\n<td>33\u00b15gf<\/td>\n<td>53\u00b15gf<\/td>\n<td>3,4 \u00b1 0,1 mm<\/td>\n<td>90\u00b115Gs \u2013 480\u00b160Gs<\/td>\n<td>Ja<\/td>\n<td>NEIN<\/td>\n<\/tr>\n<tr>\n<td>Schwarzer K\u00f6nig<\/td>\n<td>33\u00b15gf<\/td>\n<td>53\u00b15gf<\/td>\n<td>3,4 \u00b1 0,1 mm<\/td>\n<td>85\u00b115Gs \u2013 480\u00b160Gs<\/td>\n<td>Ja<\/td>\n<td>NEIN<\/td>\n<\/tr>\n<tr>\n<td>Drachenk\u00f6nig<\/td>\n<td>28\u00b15gf<\/td>\n<td>45\u00b15gf<\/td>\n<td>3,4 \u00b1 0,1 mm<\/td>\n<td>85\u00b115Gs \u2013 480\u00b160Gs<\/td>\n<td>Ja<\/td>\n<td>NEIN<\/td>\n<\/tr>\n<tr>\n<td>Jadek\u00f6nig<\/td>\n<td>30\u00b15gf<\/td>\n<td>48\u00b15gf<\/td>\n<td>3,4 \u00b1 0,1 mm<\/td>\n<td>85\u00b115Gs \u2013 480\u00b160Gs<\/td>\n<td>Ja<\/td>\n<td>NEIN<\/td>\n<\/tr>\n<\/tbody>\n<\/table>\n<h2><img loading=\"lazy\" decoding=\"async\" class=\"alignnone size-full wp-image-2427\" src=\"https:\/\/halleffectkeyboard.com\/wp-content\/uploads\/2025\/05\/HERO68-swhices.jpg\" alt=\"HERO68-Schalter\" width=\"1678\" height=\"1443\" srcset=\"https:\/\/halleffectkeyboard.com\/wp-content\/uploads\/2025\/05\/HERO68-swhices.jpg 1678w, https:\/\/halleffectkeyboard.com\/wp-content\/uploads\/2025\/05\/HERO68-swhices-1200x1032.jpg 1200w, https:\/\/halleffectkeyboard.com\/wp-content\/uploads\/2025\/05\/HERO68-swhices-300x258.jpg 300w, https:\/\/halleffectkeyboard.com\/wp-content\/uploads\/2025\/05\/HERO68-swhices-1024x881.jpg 1024w, https:\/\/halleffectkeyboard.com\/wp-content\/uploads\/2025\/05\/HERO68-swhices-768x660.jpg 768w, https:\/\/halleffectkeyboard.com\/wp-content\/uploads\/2025\/05\/HERO68-swhices-1536x1321.jpg 1536w\" sizes=\"auto, (max-width: 1678px) 100vw, 1678px\" \/><\/h2>\n<h2>Kompatibilit\u00e4t<\/h2>\n<p>Der AULA HERO 68 HE unterst\u00fctzt eine breite Palette von <strong>magnetische mechanische Schalter<\/strong>, einschlie\u00dflich:<\/p>\n<ul>\n<li>TTC \u2013 K\u00f6nig der Magnetschalter<\/li>\n<li>TTC Uranus Gaming Edition<\/li>\n<li>AULAs Magnetschalter Meteor, Black King, Dragon King und Jade King<\/li>\n<\/ul>\n<hr \/>\n<h2>Warum sollten Sie sich f\u00fcr den AULA HERO 68 HE entscheiden?<\/h2>\n<ul>\n<li>\u00a0Wettbewerbsf\u00e4hige Eingangsgeschwindigkeit (8000 Hz\/128 K)<\/li>\n<li>\u00a0Vollst\u00e4ndig anpassbares Tastenanschlaggef\u00fchl (0,01 mm bis 3,4 mm)<\/li>\n<li>\u00a0Hot-Swap-f\u00e4hig und modulares Design<\/li>\n<li>\u00a0High-End-Soundprofil und RGB-Beleuchtung<\/li>\n<li>\u00a0Entwickelt f\u00fcr Gamer, Streamer und Entwickler, die das Beste verlangen<\/li>\n<\/ul>\n<hr \/>\n<h3 data-start=\"2995\" data-end=\"3015\"><img loading=\"lazy\" decoding=\"async\" class=\"alignnone size-full wp-image-2435\" src=\"https:\/\/halleffectkeyboard.com\/wp-content\/uploads\/2025\/05\/HERO68-web.jpg\" alt=\"HERO68-Web\" width=\"1510\" height=\"1408\" srcset=\"https:\/\/halleffectkeyboard.com\/wp-content\/uploads\/2025\/05\/HERO68-web.jpg 1510w, https:\/\/halleffectkeyboard.com\/wp-content\/uploads\/2025\/05\/HERO68-web-1200x1119.jpg 1200w, https:\/\/halleffectkeyboard.com\/wp-content\/uploads\/2025\/05\/HERO68-web-300x280.jpg 300w, https:\/\/halleffectkeyboard.com\/wp-content\/uploads\/2025\/05\/HERO68-web-1024x955.jpg 1024w, https:\/\/halleffectkeyboard.com\/wp-content\/uploads\/2025\/05\/HERO68-web-768x716.jpg 768w\" sizes=\"auto, (max-width: 1510px) 100vw, 1510px\" \/><\/h3>\n<h3 class=\"\" data-start=\"2995\" data-end=\"3015\"><strong data-start=\"2999\" data-end=\"3013\">Abschluss<\/strong><\/h3>\n<p class=\"\" data-start=\"3016\" data-end=\"3328\">Egal, ob Sie in kompetitiven Titeln die Rangliste erklimmen oder einfach nur nach einer schnellen, pr\u00e4zisen und eleganten Tastatur suchen, die <strong data-start=\"3134\" data-end=\"3175\">AULA HERO 68 HE Magnetische Gaming-Tastatur<\/strong> bietet alles, was Sie brauchen. Mit erstklassiger Bet\u00e4tigungstechnologie, extrem niedriger Latenz und vollst\u00e4ndiger RGB-Beleuchtung ist es die perfekte Mischung aus Form und Funktion.<\/p>\n<p data-start=\"3016\" data-end=\"3328\"><a href=\"https:\/\/heb.aulacn.com\/\" target=\"_blank\" rel=\"nofollow noopener\">HERO 68 HE Web-Treiber<\/a><br \/>\n<a href=\"https:\/\/heb.aulacn.com\/\" target=\"_blank\" rel=\"nofollow noopener\">HERO 68 HE<\/a><a href=\"https:\/\/hea.aulacn.com\/#\/connect\" target=\"_blank\" rel=\"nofollow noopener\"> PRO\/ULTRA-Webtreiber<\/a><\/p>\n<p><strong>R\u00fcste deine Ausr\u00fcstung auf. Dominiere dein Spiel.<\/strong><br \/>\nDer <strong>AULA HERO 68 HE<\/strong> ist nicht nur eine Tastatur \u2013 es ist Ihr n\u00e4chster Wettbewerbsvorteil.<\/p>","protected":false},"excerpt":{"rendered":"<p>AULA HERO 68 HE Magnetic Gaming Keyboard \u2013 65% Layout | 8K Polling Rate | Hot-Swappable | Adjustable Actuation Elevate Your Game with Magnetic Precision Step into the future of competitive gaming with the AULA HERO 68 HE, a 65% wired hot-swappable hall effect keyboard engineered for speed, accuracy, and customizability. Powered by advanced magnetic [&hellip;]<\/p>\n","protected":false},"featured_media":2434,"comment_status":"open","ping_status":"closed","template":"","meta":[],"product_brand":[54],"product_cat":[322,20],"product_tag":[58,147,22],"class_list":{"0":"post-2394","1":"product","2":"type-product","3":"status-publish","4":"has-post-thumbnail","6":"product_brand-aula","7":"product_cat-hall-effect-keyboard","8":"product_cat-keyboard","9":"product_tag-hall-effect-keyboard","10":"product_tag-hero-68-he","11":"product_tag-keyboard","13":"first","14":"instock","15":"sale","16":"taxable","17":"shipping-taxable","18":"purchasable","19":"product-type-variable","20":"wvs-archive-product-wrapper"},"aioseo_notices":[],"ct_brands":[{"id":54,"name":"AULA","slug":"aula"}],"jetpack_sharing_enabled":true,"_links":{"self":[{"href":"https:\/\/halleffectkeyboard.com\/de\/wp-json\/wp\/v2\/product\/2394","targetHints":{"allow":["GET"]}}],"collection":[{"href":"https:\/\/halleffectkeyboard.com\/de\/wp-json\/wp\/v2\/product"}],"about":[{"href":"https:\/\/halleffectkeyboard.com\/de\/wp-json\/wp\/v2\/types\/product"}],"replies":[{"embeddable":true,"href":"https:\/\/halleffectkeyboard.com\/de\/wp-json\/wp\/v2\/comments?post=2394"}],"version-history":[{"count":7,"href":"https:\/\/halleffectkeyboard.com\/de\/wp-json\/wp\/v2\/product\/2394\/revisions"}],"predecessor-version":[{"id":2436,"href":"https:\/\/halleffectkeyboard.com\/de\/wp-json\/wp\/v2\/product\/2394\/revisions\/2436"}],"wp:featuredmedia":[{"embeddable":true,"href":"https:\/\/halleffectkeyboard.com\/de\/wp-json\/wp\/v2\/media\/2434"}],"wp:attachment":[{"href":"https:\/\/halleffectkeyboard.com\/de\/wp-json\/wp\/v2\/media?parent=2394"}],"wp:term":[{"taxonomy":"product_brand","embeddable":true,"href":"https:\/\/halleffectkeyboard.com\/de\/wp-json\/wp\/v2\/product_brand?post=2394"},{"taxonomy":"product_cat","embeddable":true,"href":"https:\/\/halleffectkeyboard.com\/de\/wp-json\/wp\/v2\/product_cat?post=2394"},{"taxonomy":"product_tag","embeddable":true,"href":"https:\/\/halleffectkeyboard.com\/de\/wp-json\/wp\/v2\/product_tag?post=2394"}],"curies":[{"name":"wp","href":"https:\/\/api.w.org\/{rel}","templated":true}]}}