{"id":2272,"date":"2025-05-05T19:53:17","date_gmt":"2025-05-05T11:53:17","guid":{"rendered":"https:\/\/halleffectkeyboard.com\/?page_id=2272"},"modified":"2025-05-05T20:09:22","modified_gmt":"2025-05-05T12:09:22","slug":"versandbedingungen","status":"publish","type":"page","link":"https:\/\/halleffectkeyboard.com\/de\/versandbedingungen\/","title":{"rendered":"Versandbedingungen"},"content":{"rendered":"<h1 class=\"wp-block-heading\">Versandrichtlinien f\u00fcr Aula-Tastaturen | Leitfaden f\u00fcr globale Lieferung und Service<\/h1>\n\n\n\n<h2 class=\"wp-block-heading\">Adressinformationen und -\u00e4nderungen<\/h2>\n\n\n\n<h3 class=\"wp-block-heading\">Adressgenauigkeit<\/h3>\n\n\n\n<ul class=\"wp-block-list\">\n<li><strong>Sprachvoraussetzung<\/strong>: Bitte geben Sie Adressen auf Englisch an, einschlie\u00dflich Hausnummer, Geb\u00e4udenummer, Zimmernummer und Postleitzahl.<\/li>\n\n\n\n<li><strong>\u00c4nderungsprozess<\/strong>: Kontaktieren Sie uns vor dem Versand f\u00fcr \u00c4nderungen; keine \u00c4nderungen nach dem Versand.<\/li>\n<\/ul>\n\n\n\n<h2 class=\"wp-block-heading\">Bearbeitungszeit der Bestellung<\/h2>\n\n\n\n<ul class=\"wp-block-list\">\n<li><strong>Standardverarbeitung<\/strong>: Versand innerhalb von 1-3 Werktagen.<\/li>\n\n\n\n<li><strong>Spitzenverarbeitung<\/strong>: Bis zu 15 Werktage w\u00e4hrend Aktionszeitr\u00e4umen.<\/li>\n<\/ul>\n\n\n\n<h2 class=\"wp-block-heading\">Versandarten<\/h2>\n\n\n\n<h3 class=\"wp-block-heading\">Standardversand \u2013 Yun Express<\/h3>\n\n\n\n<ul class=\"wp-block-list\">\n<li><strong>Zeitrahmen<\/strong>: 7-14 Werktage<\/li>\n\n\n\n<li><strong>Am besten f\u00fcr<\/strong>: Kosteng\u00fcnstige Option f\u00fcr nicht dringende Bestellungen.<\/li>\n<\/ul>\n\n\n\n<h3 class=\"wp-block-heading\">Expressversand \u2013 DHL\/UPS\/Fedex<\/h3>\n\n\n\n<ul class=\"wp-block-list\">\n<li><strong>Zeitrahmen<\/strong>: 1-5 Werktage<\/li>\n\n\n\n<li><strong>Am besten f\u00fcr<\/strong>: Dringende Bestellungen, die eine schnelle Lieferung erfordern.<\/li>\n<\/ul>\n\n\n\n<h2 class=\"wp-block-heading\">Versandziele<\/h2>\n\n\n\n<p>Wir versenden derzeit in die folgenden L\u00e4nder:<\/p>\n\n\n\n<h3 class=\"wp-block-heading\">DHL\/UPS\/Fedex-Abdeckung<\/h3>\n\n\n\n<ul class=\"wp-block-list\">\n<li>Afghanistan, Albanien, Andorra, Argentinien, Armenien, Australien, \u00d6sterreich, Bahrain, Wei\u00dfrussland, Belgien, Bermuda, Brasilien, Brunei, Bulgarien, Burkina Faso, Burundi, Kambodscha, Kanada, Chile, Kroatien, Zypern, Tschechien, D\u00e4nemark, \u00c4gypten, Estland, Finnland, Frankreich, Deutschland, Gibraltar, Griechenland, Guernsey, Hongkong, Ungarn, Island, Indonesien, Irland, Israel, Italien, Japan, Jersey, Kasachstan, Kuwait, Laos, Lettland, Liechtenstein, Litauen, Luxemburg, Macao SAR, Malaysia, Malta, Mexiko, Monaco, Niederlande, Neuseeland, Norwegen, Philippinen, Polen, Portugal, Rum\u00e4nien, San Marino, Saudi-Arabien, Singapur, Slowakei, Slowenien, S\u00fcdafrika, S\u00fcdkorea, Spanien, Schweden, Schweiz, Taiwan, Thailand, T\u00fcrkei, Vereinigte Arabische Emirate, Vereinigtes K\u00f6nigreich, Vereinigte Staaten, Vatikanstadt, Vietnam.<\/li>\n<\/ul>\n\n\n\n<h3 class=\"wp-block-heading\">Yun Express-Abdeckung<\/h3>\n\n\n\n<ul class=\"wp-block-list\">\n<li><strong>\u00a0<\/strong>Angola, Australien, \u00d6sterreich, Bahrain, Belgien, Brasilien, Bulgarien, Kanada, Chile, Kolumbien, Kroatien, Zypern, Tschechische Republik, D\u00e4nemark, \u00c4gypten, Estland, Finnland, Frankreich, Deutschland, Ghana, Griechenland, Ungarn, Irland, Israel, Italien, Japan, Jordanien, Kenia, Kuwait, Lettland, Libanon, Litauen, Luxemburg, Malaysia, Malta, Mexiko, Niederlande, Neuseeland, Nigeria, Norwegen, Pakistan, Philippinen, Polen, Portugal, Katar, Rum\u00e4nien, Ruanda, Saudi-Arabien, Singapur, Slowakei, Slowenien, S\u00fcdafrika, S\u00fcdkorea, Spanien, Schweden, Schweiz, Tansania, Thailand, T\u00fcrkei, Uganda, Vereinigte Arabische Emirate, Vereinigtes K\u00f6nigreich, Vereinigte Staaten, Vietnam.<\/li>\n<\/ul>\n\n\n\n<h2 class=\"wp-block-heading\">Nicht zustellbare Regionen<\/h2>\n\n\n\n<p><strong>Beim Standardversand \u00fcber Yun Express sind die Zustellgebiete nicht zu erreichen.<\/strong>&nbsp;Bitte \u00fcberpr\u00fcfen Sie, ob Ihre Lieferadresse nicht in diesen Regionen liegt, bevor Sie eine Bestellung mit Standardversand aufgeben.<\/p>\n\n\n\n<ol class=\"wp-block-list\">\n<li><strong>Angeschlossene Inseln sind von der Lieferung ausgeschlossen.<\/strong><\/li>\n\n\n\n<li><strong>Vereinigtes K\u00f6nigreich:<\/strong>\u00a0\u00dcberseegebiete und vorgelagerte Inseln wie das Britische Territorium im Indischen Ozean, die Britischen Jungferninseln, Guernsey und Jersey sind von der Lieferung ausgeschlossen.<\/li>\n\n\n\n<li><strong>Vereinigte Staaten:<\/strong>\u00a0Abgelegene Gebiete und \u00dcberseegebiete wie Puerto Rico und Guam sind von der Zustellung ausgeschlossen. Auch APO\/FPO-Milit\u00e4radressen sind von der Zustellung ausgeschlossen.<\/li>\n\n\n\n<li><strong>S\u00fcdafrika:<\/strong>\u00a0Adressen mit Schl\u00fcsselw\u00f6rtern wie \u201eBox\u201c, \u201ePosbus\u201c, \u201ePlot\u201c, \u201ePlaas\u201c, \u201eFarm\u201c, \u201ePrivate Bag\u201c oder \u201ePrivaat Sak\u201c sowie zugeh\u00f6rige Inseln sind von der Zustellung ausgeschlossen.<\/li>\n\n\n\n<li><strong>Philippinen\/Chile\/Kolumbien:<\/strong>\u00a0In bestimmte Sperrgebiete ist die Lieferung nicht m\u00f6glich.<\/li>\n\n\n\n<li><strong>Singapur:<\/strong>\u00a0In bestimmte Regionen ist keine Lieferung m\u00f6glich.<\/li>\n\n\n\n<li><strong>Japan:\u00a0<\/strong>APO\/FPO-Milit\u00e4radressen und Amazon-Adressen sind von der Zustellung ausgeschlossen.<\/li>\n\n\n\n<li><strong>S\u00fcdkorea:\u00a0<\/strong>Bestimmte abgelegene Gebiete sind von der Zustellung ausgeschlossen. Postf\u00e4cher und Milit\u00e4radressen sind ebenfalls ausgeschlossen.<\/li>\n\n\n\n<li><strong>Vereinigte Arabische Emirate, Saudi-Arabien, Jordanien, Libanon:\u00a0<\/strong>Postfachadressen sind von der Zustellung ausgeschlossen. Bitte stellen Sie sicher, dass die angegebene Adresse und Telefonnummer korrekt sind, um Lieferprobleme zu vermeiden, da das Unternehmen nicht f\u00fcr unzustellbare Sendungen aufgrund falscher Angaben verantwortlich ist.<\/li>\n<\/ol>\n\n\n\n<h2 class=\"wp-block-heading\">Z\u00f6lle und Einfuhrsteuern<\/h2>\n\n\n\n<p><strong>Allgemeine Richtlinien<\/strong>: Aufgrund unterschiedlicher Zollbestimmungen haben wir keinen Einfluss auf die H\u00f6he der Steuern. Unsere Produktpreise enthalten keine Mehrwertsteuer oder Einfuhrsteuern Ihres Landes. Detaillierte Informationen zu diesen Geb\u00fchren erhalten Sie bei Ihrem \u00f6rtlichen Zollamt.<\/p>\n\n\n\n<p><strong>Versand inklusive Steuern<\/strong>: Der Standardversand \u00fcber Yun Express beinhaltet f\u00fcr die meisten L\u00e4nder Steuern. Aula Keyboard \u00fcbernimmt jedoch keine Verantwortung f\u00fcr zus\u00e4tzliche Verwaltungs- oder Bearbeitungsgeb\u00fchren, die von Ihrem \u00f6rtlichen Kurierdienst oder Zoll erhoben werden. Bitte erkundigen Sie sich bei Ihrem \u00f6rtlichen Zollamt nach m\u00f6glichen Zusatzkosten.<\/p>\n\n\n\n<h2 class=\"wp-block-heading\">Nicht zugestellte Pakete<\/h2>\n\n\n\n<p><strong>Zollfragen<\/strong>: Sollte Ihr Paket vom Zoll zur\u00fcckgehalten werden, benachrichtigen wir Sie umgehend. Sollten Sie die erforderlichen Informationen (z. B. Steuerzahlungen) nicht angeben, kann das Paket an das Ursprungslager des Versandunternehmens zur\u00fcckgeschickt oder in einigen F\u00e4llen vernichtet werden. F\u00fcr den erneuten Versand fallen zus\u00e4tzliche Geb\u00fchren an. Sollten Sie das Paket nicht abholen, werden die R\u00fccksendekosten von Ihrer R\u00fcckerstattung abgezogen.<\/p>\n\n\n\n<p><strong>Zur\u00fcckgesandte Pakete<\/strong>: Wenn ein nicht zustellbares Paket an uns zur\u00fcckgeschickt wird, kontaktieren wir Sie, um etwaige Probleme zu l\u00f6sen und eine neue Sendung zu vereinbaren. Ist eine neue Sendung nicht m\u00f6glich, erhalten Sie eine volle R\u00fcckerstattung abz\u00fcglich der urspr\u00fcnglichen Versandkosten.<\/p>\n\n\n\n<p><strong>Verantwortung des Kunden:&nbsp;<\/strong>Der Kunde ist f\u00fcr alle Folgen oder Geb\u00fchren verantwortlich, die entstehen, wenn ein Paket aus folgenden Gr\u00fcnden nicht zugestellt werden kann:<\/p>\n\n\n\n<ul class=\"wp-block-list\">\n<li>Falsche oder unzureichende Adresse oder Telefonnummer.<\/li>\n\n\n\n<li>Der Empf\u00e4nger ist nicht erreichbar.<\/li>\n\n\n\n<li>Weigerung, bei der Zustellung des Pakets zu unterschreiben.<\/li>\n\n\n\n<li>Entscheiden Sie sich f\u00fcr die \u201eZustellung ohne Unterschrift\u201c.<\/li>\n\n\n\n<li>Weigerung, lokale Steuern oder Bearbeitungsgeb\u00fchren zu zahlen.<\/li>\n\n\n\n<li>Nichtbereitstellung der erforderlichen Dokumente f\u00fcr die Zollabfertigung.<\/li>\n\n\n\n<li>Diebstahl oder Verlust aufgrund von Fahrl\u00e4ssigkeit des Empf\u00e4ngers.<\/li>\n<\/ul>\n\n\n\n<h2 class=\"wp-block-heading\">Wie erhalte ich Hilfe zu meiner Bestellung?<\/h2>\n\n\n\n<p><strong>\u00dcberpr\u00fcfung<\/strong>: Bitte best\u00e4tigen Sie nach Erhalt Ihres Pakets Inhalt und Zustand des Pakets, bevor Sie daf\u00fcr unterschreiben. Wir empfehlen Ihnen dringend, beim \u00d6ffnen Ihrer Pakete und Produkte ein Unboxing-Video aufzunehmen.<\/p>\n\n\n\n<p><strong>Fehlerhafte oder fehlende Artikel<\/strong>: Bei fehlerhaften oder fehlenden Artikeln senden Sie bitte eine E-Mail an support@halleffectkeyboard.com mit:<\/p>\n\n\n\n<ol class=\"wp-block-list\">\n<li>Ein passender Betreff<\/li>\n\n\n\n<li>Ihre Bestellnummer und eine klare Beschreibung des Problems<\/li>\n\n\n\n<li>Fotos und Videos, die das fehlerhafte\/fehlende Produkt und die Versanddetails auf dem Paket zeigen<\/li>\n<\/ol>\n\n\n\n<p>Wenn zus\u00e4tzliche Nachweise erforderlich sind, werden wir weitere Informationen anfordern. Nach der Best\u00e4tigung veranlassen wir je nach Fall einen Ersatz, eine teilweise R\u00fcckerstattung oder eine vollst\u00e4ndige R\u00fcckerstattung.<\/p>\n\n\n\n<p><strong>Falsche Produkte<\/strong>: Aula Keyboard beh\u00e4lt sich das Recht vor, zu entscheiden, ob Sie den falschen Artikel zur\u00fccksenden m\u00fcssen. Bitte kontaktieren Sie uns zun\u00e4chst per E-Mail. Wir bem\u00fchen uns, Ihre E-Mail innerhalb von drei Werktagen zu pr\u00fcfen.<\/p>\n\n\n\n<h2 class=\"wp-block-heading\">Besondere Anforderungen<\/h2>\n\n\n\n<p><strong>China<\/strong>: F\u00fcr Macau (SAR), Hongkong (SAR) und Taiwan geben Sie bitte die Adresse und Namen auf Chinesisch ein.<\/p>\n\n\n\n<p><strong>Taiwan<\/strong>: Bitte geben Sie Ihre Personalausweisnummer (oder Reisepassnummer, wenn Sie Ausl\u00e4nder sind) an. Empf\u00e4nger m\u00fcssen die Ezway-App herunterladen und ein Konto f\u00fcr die Zollabfertigung registrieren. Eine fehlende Registrierung kann zur Beschlagnahmung der Waren durch den Zoll f\u00fchren, wof\u00fcr Aula Keyboard nicht verantwortlich gemacht werden kann.<\/p>\n\n\n\n<p><strong>Korea<\/strong>: Geben Sie Ihre pers\u00f6nliche Steuernummer und Ihren koreanischen Namen (koreanischer Name + koreanische Adresse + erforderliche pers\u00f6nliche Steuernummer (P + 12 Ziffern) + Telefonnummer des Empf\u00e4ngers (010 + 8 Ziffern)) an, wie vom koreanischen Zoll verlangt.<\/p>\n\n\n\n<p><strong>Brasilien, Chile, Kolumbien, T\u00fcrkei, Norwegen<\/strong>: Bitte geben Sie die Steuernummer oder VOEC-Nummer des Empf\u00e4ngers an, um eine reibungslose Zollabfertigung zu gew\u00e4hrleisten.<\/p>\n\n\n\n<h2 class=\"wp-block-heading\">Verfolgen Sie Ihre Bestellung<\/h2>\n\n\n\n<p><strong>Tracking-Informationen<\/strong>: Sobald Ihre Bestellung versandt wurde, erhalten Sie per E-Mail eine Sendungsverfolgungsnummer. Verwenden Sie diese Sendungsverfolgungsnummer oder den Link, um den Status Ihrer Sendung auf der Website des Spediteurs zu verfolgen.<\/p>\n\n\n\n<h2 class=\"wp-block-heading\">Bestellhilfe<\/h2>\n\n\n\n<ul class=\"wp-block-list\">\n<li><strong>Verifizierungshinweise<\/strong>: \u00dcberpr\u00fcfen Sie den Paketinhalt nach Erhalt. Erw\u00e4gen Sie die Aufnahme eines Unboxing-Videos.<\/li>\n\n\n\n<li><strong>Problembehandlung<\/strong>: Kontakt\u00a0<a href=\"mailto:support@halleffectkeyboard.com\" target=\"_blank\" rel=\"noopener\" title=\"\">support@halleffectkeyboard.com<\/a>\u00a0bei etwaigen Problemen.<\/li>\n<\/ul>\n\n\n\n<h2 class=\"wp-block-heading\">Besondere Anforderungen<\/h2>\n\n\n\n<ul class=\"wp-block-list\">\n<li><strong>Peru, S\u00fcdafrika, T\u00fcrkei<\/strong>: Kunden m\u00fcssen f\u00fcr die Zollabfertigung eine g\u00fcltige ID-Nummer angeben.<\/li>\n\n\n\n<li><strong>China<\/strong>: Verwenden Sie f\u00fcr Macau, Hongkong und Taiwan chinesische Adressen.<\/li>\n\n\n\n<li><strong>Korea<\/strong>: Geben Sie die pers\u00f6nliche Steuernummer (P + 12 Ziffern) an.<\/li>\n\n\n\n<li><strong>Brasilien, Chile, Kolumbien, Norwegen<\/strong>: Geben Sie f\u00fcr eine reibungslose Zollabfertigung Ihre Steuernummer oder VOEC-Nummer an.<\/li>\n<\/ul>\n\n\n\n<h2 class=\"wp-block-heading\">Verfolgen Sie Ihre Bestellung<\/h2>\n\n\n\n<ul class=\"wp-block-list\">\n<li>Sie erhalten nach dem Versand eine Sendungsverfolgungsnummer, um den Status Ihres Pakets zu verfolgen.<\/li>\n<\/ul>\n\n\n\n<p>Vielen Dank, dass Sie sich f\u00fcr Aula Keyboard entschieden haben. Wir sind bestrebt, Ihnen das bestm\u00f6gliche Versanderlebnis zu bieten. Bei Fragen wenden Sie sich bitte an unseren Kundenservice.<\/p>","protected":false},"excerpt":{"rendered":"<p>Aula Keyboard Shipping Policy | Global Delivery and Service Guide Address Information and Modification Address Accuracy Order Processing Time Shipping Methods Standard Shipping \u2013 Yun Express Express Shipping \u2013 DHL\/UPS\/Fedex Shipping Destinations We currently ship to the following countries: DHL\/UPS\/Fedex Coverage Yun Express Coverage Undeliverable Regions Standard Shipping via Yun Express has undeliverable regions.&nbsp;Please verify [&hellip;]<\/p>\n","protected":false},"author":1,"featured_media":0,"parent":0,"menu_order":0,"comment_status":"closed","ping_status":"closed","template":"","meta":{"footnotes":""},"class_list":["post-2272","page","type-page","status-publish","hentry"],"blocksy_meta":[],"aioseo_notices":[],"jetpack_sharing_enabled":true,"_links":{"self":[{"href":"https:\/\/halleffectkeyboard.com\/de\/wp-json\/wp\/v2\/pages\/2272","targetHints":{"allow":["GET"]}}],"collection":[{"href":"https:\/\/halleffectkeyboard.com\/de\/wp-json\/wp\/v2\/pages"}],"about":[{"href":"https:\/\/halleffectkeyboard.com\/de\/wp-json\/wp\/v2\/types\/page"}],"author":[{"embeddable":true,"href":"https:\/\/halleffectkeyboard.com\/de\/wp-json\/wp\/v2\/users\/1"}],"replies":[{"embeddable":true,"href":"https:\/\/halleffectkeyboard.com\/de\/wp-json\/wp\/v2\/comments?post=2272"}],"version-history":[{"count":4,"href":"https:\/\/halleffectkeyboard.com\/de\/wp-json\/wp\/v2\/pages\/2272\/revisions"}],"predecessor-version":[{"id":2287,"href":"https:\/\/halleffectkeyboard.com\/de\/wp-json\/wp\/v2\/pages\/2272\/revisions\/2287"}],"wp:attachment":[{"href":"https:\/\/halleffectkeyboard.com\/de\/wp-json\/wp\/v2\/media?parent=2272"}],"curies":[{"name":"wp","href":"https:\/\/api.w.org\/{rel}","templated":true}]}}